{"id":2635,"date":"2019-10-03T05:55:33","date_gmt":"2019-10-03T05:55:33","guid":{"rendered":"https:\/\/tasregistration.com\/contact\/thank-you\/"},"modified":"2019-10-21T11:30:09","modified_gmt":"2019-10-21T11:30:09","slug":"grazie","status":"publish","type":"page","link":"https:\/\/tasregistration.com\/it\/contattaci\/grazie\/","title":{"rendered":"Grazie"},"content":{"rendered":"\t\t<div data-elementor-type=\"wp-page\" data-elementor-id=\"2635\" class=\"elementor elementor-2635 elementor-1766\" data-elementor-post-type=\"page\">\n\t\t\t\t\t\t<section class=\"elementor-section elementor-top-section elementor-element elementor-element-2505cb9 elementor-hidden-tablet elementor-hidden-phone elementor-section-boxed elementor-section-height-default elementor-section-height-default\" data-id=\"2505cb9\" data-element_type=\"section\" data-e-type=\"section\">\n\t\t\t\t\t\t<div class=\"elementor-container elementor-column-gap-default\">\n\t\t\t\t\t<div class=\"elementor-column elementor-col-100 elementor-top-column elementor-element elementor-element-8caac45\" data-id=\"8caac45\" data-element_type=\"column\" data-e-type=\"column\">\n\t\t\t<div class=\"elementor-widget-wrap elementor-element-populated\">\n\t\t\t\t\t\t<div class=\"elementor-element elementor-element-70d2dfb elementor--v-position-bottom elementor--h-position-center elementor-arrows-position-inside elementor-pagination-position-inside elementor-widget elementor-widget-slides\" data-id=\"70d2dfb\" data-element_type=\"widget\" data-e-type=\"widget\" data-settings=\"{&quot;navigation&quot;:&quot;both&quot;,&quot;autoplay&quot;:&quot;yes&quot;,&quot;pause_on_hover&quot;:&quot;yes&quot;,&quot;pause_on_interaction&quot;:&quot;yes&quot;,&quot;autoplay_speed&quot;:5000,&quot;infinite&quot;:&quot;yes&quot;,&quot;transition&quot;:&quot;slide&quot;,&quot;transition_speed&quot;:500}\" data-widget_type=\"slides.default\">\n\t\t\t\t<div class=\"elementor-widget-container\">\n\t\t\t\t\t\t\t\t\t<div class=\"elementor-swiper\">\n\t\t\t\t\t<div class=\"elementor-slides-wrapper elementor-main-swiper swiper\" role=\"region\" aria-roledescription=\"carousel\" aria-label=\"Slides\" dir=\"ltr\" data-animation=\"fadeInUp\">\n\t\t\t\t<div class=\"swiper-wrapper elementor-slides\">\n\t\t\t\t\t\t\t\t\t\t<div class=\"elementor-repeater-item-c678c14 swiper-slide\" role=\"group\" aria-roledescription=\"slide\"><div class=\"swiper-slide-bg\" role=\"img\" aria-label=\"asset_30\"><\/div><div class=\"swiper-slide-inner\" ><div class=\"swiper-slide-contents\"><div class=\"elementor-slide-heading\">Contact<\/div><\/div><\/div><\/div>\t\t\t\t<\/div>\n\t\t\t\t\t\t\t<\/div>\n\t\t\t\t<\/div>\n\t\t\t\t\t\t\t\t<\/div>\n\t\t\t\t<\/div>\n\t\t\t\t\t<\/div>\n\t\t<\/div>\n\t\t\t\t\t<\/div>\n\t\t<\/section>\n\t\t\t\t<section class=\"elementor-section elementor-top-section elementor-element elementor-element-a077330 card_form elementor-section-height-min-height elementor-section-boxed elementor-section-height-default elementor-section-items-middle\" data-id=\"a077330\" data-element_type=\"section\" data-e-type=\"section\" data-settings=\"{&quot;background_background&quot;:&quot;classic&quot;}\">\n\t\t\t\t\t\t<div class=\"elementor-container elementor-column-gap-default\">\n\t\t\t\t\t<div class=\"elementor-column elementor-col-100 elementor-top-column elementor-element elementor-element-da4d445\" data-id=\"da4d445\" data-element_type=\"column\" data-e-type=\"column\">\n\t\t\t<div class=\"elementor-widget-wrap elementor-element-populated\">\n\t\t\t\t\t\t<section class=\"elementor-section elementor-inner-section elementor-element elementor-element-114f0ed elementor-section-boxed elementor-section-height-default elementor-section-height-default\" data-id=\"114f0ed\" data-element_type=\"section\" data-e-type=\"section\">\n\t\t\t\t\t\t<div class=\"elementor-container elementor-column-gap-default\">\n\t\t\t\t\t<div class=\"elementor-column elementor-col-100 elementor-inner-column elementor-element elementor-element-05d1ab9\" data-id=\"05d1ab9\" data-element_type=\"column\" data-e-type=\"column\">\n\t\t\t<div class=\"elementor-widget-wrap elementor-element-populated\">\n\t\t\t\t\t\t<div class=\"elementor-element elementor-element-9f5e1b1 elementor-widget elementor-widget-heading\" data-id=\"9f5e1b1\" data-element_type=\"widget\" data-e-type=\"widget\" data-widget_type=\"heading.default\">\n\t\t\t\t<div class=\"elementor-widget-container\">\n\t\t\t\t\t<h2 class=\"elementor-heading-title elementor-size-default\">Grazie per averci contattato!<\/h2>\t\t\t\t<\/div>\n\t\t\t\t<\/div>\n\t\t\t\t<div class=\"elementor-element elementor-element-df34f48 elementor-widget elementor-widget-text-editor\" data-id=\"df34f48\" data-element_type=\"widget\" data-e-type=\"widget\" data-widget_type=\"text-editor.default\">\n\t\t\t\t<div class=\"elementor-widget-container\">\n\t\t\t\t\t\t\t\t\t<p>Uno dei nostri colleghi ti risponder\u00e0 a breve.<\/p>\t\t\t\t\t\t\t\t<\/div>\n\t\t\t\t<\/div>\n\t\t\t\t<div class=\"elementor-element elementor-element-b5894be elementor-widget elementor-widget-spacer\" data-id=\"b5894be\" data-element_type=\"widget\" data-e-type=\"widget\" data-widget_type=\"spacer.default\">\n\t\t\t\t<div class=\"elementor-widget-container\">\n\t\t\t\t\t\t\t<div class=\"elementor-spacer\">\n\t\t\t<div class=\"elementor-spacer-inner\"><\/div>\n\t\t<\/div>\n\t\t\t\t\t\t<\/div>\n\t\t\t\t<\/div>\n\t\t\t\t<div class=\"elementor-element elementor-element-35332ab elementor-widget elementor-widget-text-editor\" data-id=\"35332ab\" data-element_type=\"widget\" data-e-type=\"widget\" data-widget_type=\"text-editor.default\">\n\t\t\t\t<div class=\"elementor-widget-container\">\n\t\t\t\t\t\t\t\t\t<p>Scopri di pi\u00f9 sui nostri <a href=\"https:\/\/tasregistration.com\/it\/servizi\/\">servizi<\/a>.<\/p>\t\t\t\t\t\t\t\t<\/div>\n\t\t\t\t<\/div>\n\t\t\t\t\t<\/div>\n\t\t<\/div>\n\t\t\t\t\t<\/div>\n\t\t<\/section>\n\t\t\t\t\t<\/div>\n\t\t<\/div>\n\t\t\t\t\t<\/div>\n\t\t<\/section>\n\t\t\t\t<\/div>\n\t\t","protected":false},"excerpt":{"rendered":"<p>Contact Grazie per averci contattato! Uno dei nostri colleghi ti risponder\u00e0 a breve. Scopri di pi\u00f9 sui nostri servizi.<\/p>\n","protected":false},"author":1,"featured_media":0,"parent":2212,"menu_order":5,"comment_status":"closed","ping_status":"closed","template":"","meta":{"footnotes":""},"class_list":["post-2635","page","type-page","status-publish","hentry"],"yoast_head":"<title>Grazie per aver scelto i nostri servizi di propriet\u00e0 intellettuale | TAS<\/title>\n<meta name=\"description\" content=\"Grazie per averci contattato! Uno dei nostri colleghi ti contatter\u00e0 a breve per una consulenza gratuita sulla tua propriet\u00e0 intellettuale.\" \/>\n<meta name=\"robots\" content=\"index, follow, max-snippet:-1, max-image-preview:large, max-video-preview:-1\" \/>\n<link rel=\"canonical\" href=\"https:\/\/tasregistration.com\/it\/contattaci\/grazie\/\" \/>\n<meta property=\"og:locale\" content=\"it_IT\" \/>\n<meta property=\"og:type\" content=\"article\" \/>\n<meta property=\"og:title\" content=\"Grazie per aver scelto i nostri servizi di propriet\u00e0 intellettuale | TAS\" \/>\n<meta property=\"og:description\" content=\"Grazie per averci contattato! Uno dei nostri colleghi ti contatter\u00e0 a breve per una consulenza gratuita sulla tua propriet\u00e0 intellettuale.\" \/>\n<meta property=\"og:url\" content=\"https:\/\/tasregistration.com\/it\/contattaci\/grazie\/\" \/>\n<meta property=\"og:site_name\" content=\"Tas Registration\" \/>\n<meta property=\"article:modified_time\" content=\"2019-10-21T11:30:09+00:00\" \/>\n<meta name=\"twitter:card\" content=\"summary_large_image\" \/>\n<script type=\"application\/ld+json\" class=\"yoast-schema-graph\">{\"@context\":\"https:\/\/schema.org\",\"@graph\":[{\"@type\":\"WebPage\",\"@id\":\"https:\/\/tasregistration.com\/it\/contattaci\/grazie\/\",\"url\":\"https:\/\/tasregistration.com\/it\/contattaci\/grazie\/\",\"name\":\"Grazie per aver scelto i nostri servizi di propriet\u00e0 intellettuale | TAS\",\"isPartOf\":{\"@id\":\"https:\/\/tasregistration.com\/it\/#website\"},\"datePublished\":\"2019-10-03T05:55:33+00:00\",\"dateModified\":\"2019-10-21T11:30:09+00:00\",\"description\":\"Grazie per averci contattato! Uno dei nostri colleghi ti contatter\u00e0 a breve per una consulenza gratuita sulla tua propriet\u00e0 intellettuale.\",\"breadcrumb\":{\"@id\":\"https:\/\/tasregistration.com\/it\/contattaci\/grazie\/#breadcrumb\"},\"inLanguage\":\"it-IT\",\"potentialAction\":[{\"@type\":\"ReadAction\",\"target\":[\"https:\/\/tasregistration.com\/it\/contattaci\/grazie\/\"]}]},{\"@type\":\"BreadcrumbList\",\"@id\":\"https:\/\/tasregistration.com\/it\/contattaci\/grazie\/#breadcrumb\",\"itemListElement\":[{\"@type\":\"ListItem\",\"position\":1,\"name\":\"Home\",\"item\":\"https:\/\/tasregistration.com\/it\/\"},{\"@type\":\"ListItem\",\"position\":2,\"name\":\"Contattaci\",\"item\":\"https:\/\/tasregistration.com\/it\/contattaci\/\"},{\"@type\":\"ListItem\",\"position\":3,\"name\":\"Grazie\"}]},{\"@type\":\"WebSite\",\"@id\":\"https:\/\/tasregistration.com\/it\/#website\",\"url\":\"https:\/\/tasregistration.com\/it\/\",\"name\":\"Tas Registration\",\"description\":\"Just another WordPress site\",\"publisher\":{\"@id\":\"https:\/\/tasregistration.com\/it\/#organization\"},\"potentialAction\":[{\"@type\":\"SearchAction\",\"target\":{\"@type\":\"EntryPoint\",\"urlTemplate\":\"https:\/\/tasregistration.com\/it\/?s={search_term_string}\"},\"query-input\":{\"@type\":\"PropertyValueSpecification\",\"valueRequired\":true,\"valueName\":\"search_term_string\"}}],\"inLanguage\":\"it-IT\"},{\"@type\":\"Organization\",\"@id\":\"https:\/\/tasregistration.com\/it\/#organization\",\"name\":\"Tas Registration\",\"url\":\"https:\/\/tasregistration.com\/it\/\",\"logo\":{\"@type\":\"ImageObject\",\"inLanguage\":\"it-IT\",\"@id\":\"https:\/\/tasregistration.com\/it\/#\/schema\/logo\/image\/\",\"url\":\"https:\/\/tasregistration.com\/wp-content\/uploads\/2019\/10\/asset_1.png\",\"contentUrl\":\"https:\/\/tasregistration.com\/wp-content\/uploads\/2019\/10\/asset_1.png\",\"width\":219,\"height\":31,\"caption\":\"Tas Registration\"},\"image\":{\"@id\":\"https:\/\/tasregistration.com\/it\/#\/schema\/logo\/image\/\"}}]}<\/script>","yoast_head_json":{"title":"Grazie per aver scelto i nostri servizi di propriet\u00e0 intellettuale | TAS","description":"Grazie per averci contattato! Uno dei nostri colleghi ti contatter\u00e0 a breve per una consulenza gratuita sulla tua propriet\u00e0 intellettuale.","robots":{"index":"index","follow":"follow","max-snippet":"max-snippet:-1","max-image-preview":"max-image-preview:large","max-video-preview":"max-video-preview:-1"},"canonical":"https:\/\/tasregistration.com\/it\/contattaci\/grazie\/","og_locale":"it_IT","og_type":"article","og_title":"Grazie per aver scelto i nostri servizi di propriet\u00e0 intellettuale | TAS","og_description":"Grazie per averci contattato! Uno dei nostri colleghi ti contatter\u00e0 a breve per una consulenza gratuita sulla tua propriet\u00e0 intellettuale.","og_url":"https:\/\/tasregistration.com\/it\/contattaci\/grazie\/","og_site_name":"Tas Registration","article_modified_time":"2019-10-21T11:30:09+00:00","twitter_card":"summary_large_image","schema":{"@context":"https:\/\/schema.org","@graph":[{"@type":"WebPage","@id":"https:\/\/tasregistration.com\/it\/contattaci\/grazie\/","url":"https:\/\/tasregistration.com\/it\/contattaci\/grazie\/","name":"Grazie per aver scelto i nostri servizi di propriet\u00e0 intellettuale | TAS","isPartOf":{"@id":"https:\/\/tasregistration.com\/it\/#website"},"datePublished":"2019-10-03T05:55:33+00:00","dateModified":"2019-10-21T11:30:09+00:00","description":"Grazie per averci contattato! Uno dei nostri colleghi ti contatter\u00e0 a breve per una consulenza gratuita sulla tua propriet\u00e0 intellettuale.","breadcrumb":{"@id":"https:\/\/tasregistration.com\/it\/contattaci\/grazie\/#breadcrumb"},"inLanguage":"it-IT","potentialAction":[{"@type":"ReadAction","target":["https:\/\/tasregistration.com\/it\/contattaci\/grazie\/"]}]},{"@type":"BreadcrumbList","@id":"https:\/\/tasregistration.com\/it\/contattaci\/grazie\/#breadcrumb","itemListElement":[{"@type":"ListItem","position":1,"name":"Home","item":"https:\/\/tasregistration.com\/it\/"},{"@type":"ListItem","position":2,"name":"Contattaci","item":"https:\/\/tasregistration.com\/it\/contattaci\/"},{"@type":"ListItem","position":3,"name":"Grazie"}]},{"@type":"WebSite","@id":"https:\/\/tasregistration.com\/it\/#website","url":"https:\/\/tasregistration.com\/it\/","name":"Tas Registration","description":"Just another WordPress site","publisher":{"@id":"https:\/\/tasregistration.com\/it\/#organization"},"potentialAction":[{"@type":"SearchAction","target":{"@type":"EntryPoint","urlTemplate":"https:\/\/tasregistration.com\/it\/?s={search_term_string}"},"query-input":{"@type":"PropertyValueSpecification","valueRequired":true,"valueName":"search_term_string"}}],"inLanguage":"it-IT"},{"@type":"Organization","@id":"https:\/\/tasregistration.com\/it\/#organization","name":"Tas Registration","url":"https:\/\/tasregistration.com\/it\/","logo":{"@type":"ImageObject","inLanguage":"it-IT","@id":"https:\/\/tasregistration.com\/it\/#\/schema\/logo\/image\/","url":"https:\/\/tasregistration.com\/wp-content\/uploads\/2019\/10\/asset_1.png","contentUrl":"https:\/\/tasregistration.com\/wp-content\/uploads\/2019\/10\/asset_1.png","width":219,"height":31,"caption":"Tas Registration"},"image":{"@id":"https:\/\/tasregistration.com\/it\/#\/schema\/logo\/image\/"}}]}},"_links":{"self":[{"href":"https:\/\/tasregistration.com\/it\/wp-json\/wp\/v2\/pages\/2635","targetHints":{"allow":["GET"]}}],"collection":[{"href":"https:\/\/tasregistration.com\/it\/wp-json\/wp\/v2\/pages"}],"about":[{"href":"https:\/\/tasregistration.com\/it\/wp-json\/wp\/v2\/types\/page"}],"author":[{"embeddable":true,"href":"https:\/\/tasregistration.com\/it\/wp-json\/wp\/v2\/users\/1"}],"replies":[{"embeddable":true,"href":"https:\/\/tasregistration.com\/it\/wp-json\/wp\/v2\/comments?post=2635"}],"version-history":[{"count":4,"href":"https:\/\/tasregistration.com\/it\/wp-json\/wp\/v2\/pages\/2635\/revisions"}],"predecessor-version":[{"id":3183,"href":"https:\/\/tasregistration.com\/it\/wp-json\/wp\/v2\/pages\/2635\/revisions\/3183"}],"up":[{"embeddable":true,"href":"https:\/\/tasregistration.com\/it\/wp-json\/wp\/v2\/pages\/2212"}],"wp:attachment":[{"href":"https:\/\/tasregistration.com\/it\/wp-json\/wp\/v2\/media?parent=2635"}],"curies":[{"name":"wp","href":"https:\/\/api.w.org\/{rel}","templated":true}]}}