{"id":2633,"date":"2019-10-03T05:55:33","date_gmt":"2019-10-03T05:55:33","guid":{"rendered":"https:\/\/tasregistration.com\/contact\/thank-you\/"},"modified":"2019-10-21T10:41:40","modified_gmt":"2019-10-21T10:41:40","slug":"merci","status":"publish","type":"page","link":"https:\/\/tasregistration.com\/fr\/contact\/merci\/","title":{"rendered":"Merci"},"content":{"rendered":"\t\t<div data-elementor-type=\"wp-page\" data-elementor-id=\"2633\" class=\"elementor elementor-2633 elementor-1766\" data-elementor-post-type=\"page\">\n\t\t\t\t\t\t<section class=\"elementor-section elementor-top-section elementor-element elementor-element-39c6253 elementor-hidden-tablet elementor-hidden-phone elementor-section-boxed elementor-section-height-default elementor-section-height-default\" data-id=\"39c6253\" data-element_type=\"section\" data-e-type=\"section\">\n\t\t\t\t\t\t<div class=\"elementor-container elementor-column-gap-default\">\n\t\t\t\t\t<div class=\"elementor-column elementor-col-100 elementor-top-column elementor-element elementor-element-69db84a\" data-id=\"69db84a\" data-element_type=\"column\" data-e-type=\"column\">\n\t\t\t<div class=\"elementor-widget-wrap elementor-element-populated\">\n\t\t\t\t\t\t<div class=\"elementor-element elementor-element-40610a2 elementor--v-position-bottom elementor--h-position-center elementor-arrows-position-inside elementor-pagination-position-inside elementor-widget elementor-widget-slides\" data-id=\"40610a2\" data-element_type=\"widget\" data-e-type=\"widget\" data-settings=\"{&quot;navigation&quot;:&quot;both&quot;,&quot;autoplay&quot;:&quot;yes&quot;,&quot;pause_on_hover&quot;:&quot;yes&quot;,&quot;pause_on_interaction&quot;:&quot;yes&quot;,&quot;autoplay_speed&quot;:5000,&quot;infinite&quot;:&quot;yes&quot;,&quot;transition&quot;:&quot;slide&quot;,&quot;transition_speed&quot;:500}\" data-widget_type=\"slides.default\">\n\t\t\t\t<div class=\"elementor-widget-container\">\n\t\t\t\t\t\t\t\t\t<div class=\"elementor-swiper\">\n\t\t\t\t\t<div class=\"elementor-slides-wrapper elementor-main-swiper swiper\" role=\"region\" aria-roledescription=\"carousel\" aria-label=\"Diapositives\" dir=\"ltr\" data-animation=\"fadeInUp\">\n\t\t\t\t<div class=\"swiper-wrapper elementor-slides\">\n\t\t\t\t\t\t\t\t\t\t<div class=\"elementor-repeater-item-c678c14 swiper-slide\" role=\"group\" aria-roledescription=\"slide\"><div class=\"swiper-slide-bg\" role=\"img\" aria-label=\"asset_30\"><\/div><div class=\"swiper-slide-inner\" ><div class=\"swiper-slide-contents\"><div class=\"elementor-slide-heading\">Contact<\/div><\/div><\/div><\/div>\t\t\t\t<\/div>\n\t\t\t\t\t\t\t<\/div>\n\t\t\t\t<\/div>\n\t\t\t\t\t\t\t\t<\/div>\n\t\t\t\t<\/div>\n\t\t\t\t\t<\/div>\n\t\t<\/div>\n\t\t\t\t\t<\/div>\n\t\t<\/section>\n\t\t\t\t<section class=\"elementor-section elementor-top-section elementor-element elementor-element-afae674 card_form elementor-section-height-min-height elementor-section-boxed elementor-section-height-default elementor-section-items-middle\" data-id=\"afae674\" data-element_type=\"section\" data-e-type=\"section\" data-settings=\"{&quot;background_background&quot;:&quot;classic&quot;}\">\n\t\t\t\t\t\t<div class=\"elementor-container elementor-column-gap-default\">\n\t\t\t\t\t<div class=\"elementor-column elementor-col-100 elementor-top-column elementor-element elementor-element-a068568\" data-id=\"a068568\" data-element_type=\"column\" data-e-type=\"column\">\n\t\t\t<div class=\"elementor-widget-wrap elementor-element-populated\">\n\t\t\t\t\t\t<section class=\"elementor-section elementor-inner-section elementor-element elementor-element-baaed56 elementor-section-boxed elementor-section-height-default elementor-section-height-default\" data-id=\"baaed56\" data-element_type=\"section\" data-e-type=\"section\">\n\t\t\t\t\t\t<div class=\"elementor-container elementor-column-gap-default\">\n\t\t\t\t\t<div class=\"elementor-column elementor-col-100 elementor-inner-column elementor-element elementor-element-c12561b\" data-id=\"c12561b\" data-element_type=\"column\" data-e-type=\"column\">\n\t\t\t<div class=\"elementor-widget-wrap elementor-element-populated\">\n\t\t\t\t\t\t<div class=\"elementor-element elementor-element-da62234 elementor-widget elementor-widget-heading\" data-id=\"da62234\" data-element_type=\"widget\" data-e-type=\"widget\" data-widget_type=\"heading.default\">\n\t\t\t\t<div class=\"elementor-widget-container\">\n\t\t\t\t\t<h2 class=\"elementor-heading-title elementor-size-default\">Merci de nous contacter!<\/h2>\t\t\t\t<\/div>\n\t\t\t\t<\/div>\n\t\t\t\t<div class=\"elementor-element elementor-element-027e563 elementor-widget elementor-widget-text-editor\" data-id=\"027e563\" data-element_type=\"widget\" data-e-type=\"widget\" data-widget_type=\"text-editor.default\">\n\t\t\t\t<div class=\"elementor-widget-container\">\n\t\t\t\t\t\t\t\t\t<p>Un de nos coll\u00e8gues vous r\u00e9pondra sous peu.<\/p>\t\t\t\t\t\t\t\t<\/div>\n\t\t\t\t<\/div>\n\t\t\t\t<div class=\"elementor-element elementor-element-7ee33f4 elementor-widget elementor-widget-spacer\" data-id=\"7ee33f4\" data-element_type=\"widget\" data-e-type=\"widget\" data-widget_type=\"spacer.default\">\n\t\t\t\t<div class=\"elementor-widget-container\">\n\t\t\t\t\t\t\t<div class=\"elementor-spacer\">\n\t\t\t<div class=\"elementor-spacer-inner\"><\/div>\n\t\t<\/div>\n\t\t\t\t\t\t<\/div>\n\t\t\t\t<\/div>\n\t\t\t\t<div class=\"elementor-element elementor-element-7c23040 elementor-widget elementor-widget-text-editor\" data-id=\"7c23040\" data-element_type=\"widget\" data-e-type=\"widget\" data-widget_type=\"text-editor.default\">\n\t\t\t\t<div class=\"elementor-widget-container\">\n\t\t\t\t\t\t\t\t\t<p>En savoir plus sur nos <a href=\"https:\/\/tasregistration.com\/fr\/services\/\">services<\/a>.<\/p>\t\t\t\t\t\t\t\t<\/div>\n\t\t\t\t<\/div>\n\t\t\t\t\t<\/div>\n\t\t<\/div>\n\t\t\t\t\t<\/div>\n\t\t<\/section>\n\t\t\t\t\t<\/div>\n\t\t<\/div>\n\t\t\t\t\t<\/div>\n\t\t<\/section>\n\t\t\t\t<\/div>\n\t\t","protected":false},"excerpt":{"rendered":"<p>Contact Merci de nous contacter! Un de nos coll\u00e8gues vous r\u00e9pondra sous peu. En savoir plus sur nos services.<\/p>\n","protected":false},"author":1,"featured_media":0,"parent":2210,"menu_order":5,"comment_status":"closed","ping_status":"closed","template":"","meta":{"footnotes":""},"class_list":["post-2633","page","type-page","status-publish","hentry"],"yoast_head":"<title>Merci d&#039;avoir choisi nos services de propri\u00e9t\u00e9 intellectuelle | TAS<\/title>\n<meta name=\"description\" content=\"Merci de nous contacter! Un de nos coll\u00e8gues vous contactera sous peu pour une consultation gratuite concernant votre propri\u00e9t\u00e9 intellectuelle.\" \/>\n<meta name=\"robots\" content=\"index, follow, max-snippet:-1, max-image-preview:large, max-video-preview:-1\" \/>\n<link rel=\"canonical\" href=\"https:\/\/tasregistration.com\/fr\/contact\/merci\/\" \/>\n<meta property=\"og:locale\" content=\"fr_FR\" \/>\n<meta property=\"og:type\" content=\"article\" \/>\n<meta property=\"og:title\" content=\"Merci d&#039;avoir choisi nos services de propri\u00e9t\u00e9 intellectuelle | TAS\" \/>\n<meta property=\"og:description\" content=\"Merci de nous contacter! Un de nos coll\u00e8gues vous contactera sous peu pour une consultation gratuite concernant votre propri\u00e9t\u00e9 intellectuelle.\" \/>\n<meta property=\"og:url\" content=\"https:\/\/tasregistration.com\/fr\/contact\/merci\/\" \/>\n<meta property=\"og:site_name\" content=\"Tas Registration\" \/>\n<meta property=\"article:modified_time\" content=\"2019-10-21T10:41:40+00:00\" \/>\n<meta name=\"twitter:card\" content=\"summary_large_image\" \/>\n<script type=\"application\/ld+json\" class=\"yoast-schema-graph\">{\"@context\":\"https:\/\/schema.org\",\"@graph\":[{\"@type\":\"WebPage\",\"@id\":\"https:\/\/tasregistration.com\/fr\/contact\/merci\/\",\"url\":\"https:\/\/tasregistration.com\/fr\/contact\/merci\/\",\"name\":\"Merci d'avoir choisi nos services de propri\u00e9t\u00e9 intellectuelle | TAS\",\"isPartOf\":{\"@id\":\"https:\/\/tasregistration.com\/fr\/#website\"},\"datePublished\":\"2019-10-03T05:55:33+00:00\",\"dateModified\":\"2019-10-21T10:41:40+00:00\",\"description\":\"Merci de nous contacter! Un de nos coll\u00e8gues vous contactera sous peu pour une consultation gratuite concernant votre propri\u00e9t\u00e9 intellectuelle.\",\"breadcrumb\":{\"@id\":\"https:\/\/tasregistration.com\/fr\/contact\/merci\/#breadcrumb\"},\"inLanguage\":\"fr-FR\",\"potentialAction\":[{\"@type\":\"ReadAction\",\"target\":[\"https:\/\/tasregistration.com\/fr\/contact\/merci\/\"]}]},{\"@type\":\"BreadcrumbList\",\"@id\":\"https:\/\/tasregistration.com\/fr\/contact\/merci\/#breadcrumb\",\"itemListElement\":[{\"@type\":\"ListItem\",\"position\":1,\"name\":\"Home\",\"item\":\"https:\/\/tasregistration.com\/fr\/\"},{\"@type\":\"ListItem\",\"position\":2,\"name\":\"Contact\",\"item\":\"https:\/\/tasregistration.com\/fr\/contact\/\"},{\"@type\":\"ListItem\",\"position\":3,\"name\":\"Merci\"}]},{\"@type\":\"WebSite\",\"@id\":\"https:\/\/tasregistration.com\/fr\/#website\",\"url\":\"https:\/\/tasregistration.com\/fr\/\",\"name\":\"Tas Registration\",\"description\":\"Just another WordPress site\",\"publisher\":{\"@id\":\"https:\/\/tasregistration.com\/fr\/#organization\"},\"potentialAction\":[{\"@type\":\"SearchAction\",\"target\":{\"@type\":\"EntryPoint\",\"urlTemplate\":\"https:\/\/tasregistration.com\/fr\/?s={search_term_string}\"},\"query-input\":{\"@type\":\"PropertyValueSpecification\",\"valueRequired\":true,\"valueName\":\"search_term_string\"}}],\"inLanguage\":\"fr-FR\"},{\"@type\":\"Organization\",\"@id\":\"https:\/\/tasregistration.com\/fr\/#organization\",\"name\":\"Tas Registration\",\"url\":\"https:\/\/tasregistration.com\/fr\/\",\"logo\":{\"@type\":\"ImageObject\",\"inLanguage\":\"fr-FR\",\"@id\":\"https:\/\/tasregistration.com\/fr\/#\/schema\/logo\/image\/\",\"url\":\"https:\/\/tasregistration.com\/wp-content\/uploads\/2019\/10\/asset_1.png\",\"contentUrl\":\"https:\/\/tasregistration.com\/wp-content\/uploads\/2019\/10\/asset_1.png\",\"width\":219,\"height\":31,\"caption\":\"Tas Registration\"},\"image\":{\"@id\":\"https:\/\/tasregistration.com\/fr\/#\/schema\/logo\/image\/\"}}]}<\/script>","yoast_head_json":{"title":"Merci d'avoir choisi nos services de propri\u00e9t\u00e9 intellectuelle | TAS","description":"Merci de nous contacter! Un de nos coll\u00e8gues vous contactera sous peu pour une consultation gratuite concernant votre propri\u00e9t\u00e9 intellectuelle.","robots":{"index":"index","follow":"follow","max-snippet":"max-snippet:-1","max-image-preview":"max-image-preview:large","max-video-preview":"max-video-preview:-1"},"canonical":"https:\/\/tasregistration.com\/fr\/contact\/merci\/","og_locale":"fr_FR","og_type":"article","og_title":"Merci d'avoir choisi nos services de propri\u00e9t\u00e9 intellectuelle | TAS","og_description":"Merci de nous contacter! Un de nos coll\u00e8gues vous contactera sous peu pour une consultation gratuite concernant votre propri\u00e9t\u00e9 intellectuelle.","og_url":"https:\/\/tasregistration.com\/fr\/contact\/merci\/","og_site_name":"Tas Registration","article_modified_time":"2019-10-21T10:41:40+00:00","twitter_card":"summary_large_image","schema":{"@context":"https:\/\/schema.org","@graph":[{"@type":"WebPage","@id":"https:\/\/tasregistration.com\/fr\/contact\/merci\/","url":"https:\/\/tasregistration.com\/fr\/contact\/merci\/","name":"Merci d'avoir choisi nos services de propri\u00e9t\u00e9 intellectuelle | TAS","isPartOf":{"@id":"https:\/\/tasregistration.com\/fr\/#website"},"datePublished":"2019-10-03T05:55:33+00:00","dateModified":"2019-10-21T10:41:40+00:00","description":"Merci de nous contacter! Un de nos coll\u00e8gues vous contactera sous peu pour une consultation gratuite concernant votre propri\u00e9t\u00e9 intellectuelle.","breadcrumb":{"@id":"https:\/\/tasregistration.com\/fr\/contact\/merci\/#breadcrumb"},"inLanguage":"fr-FR","potentialAction":[{"@type":"ReadAction","target":["https:\/\/tasregistration.com\/fr\/contact\/merci\/"]}]},{"@type":"BreadcrumbList","@id":"https:\/\/tasregistration.com\/fr\/contact\/merci\/#breadcrumb","itemListElement":[{"@type":"ListItem","position":1,"name":"Home","item":"https:\/\/tasregistration.com\/fr\/"},{"@type":"ListItem","position":2,"name":"Contact","item":"https:\/\/tasregistration.com\/fr\/contact\/"},{"@type":"ListItem","position":3,"name":"Merci"}]},{"@type":"WebSite","@id":"https:\/\/tasregistration.com\/fr\/#website","url":"https:\/\/tasregistration.com\/fr\/","name":"Tas Registration","description":"Just another WordPress site","publisher":{"@id":"https:\/\/tasregistration.com\/fr\/#organization"},"potentialAction":[{"@type":"SearchAction","target":{"@type":"EntryPoint","urlTemplate":"https:\/\/tasregistration.com\/fr\/?s={search_term_string}"},"query-input":{"@type":"PropertyValueSpecification","valueRequired":true,"valueName":"search_term_string"}}],"inLanguage":"fr-FR"},{"@type":"Organization","@id":"https:\/\/tasregistration.com\/fr\/#organization","name":"Tas Registration","url":"https:\/\/tasregistration.com\/fr\/","logo":{"@type":"ImageObject","inLanguage":"fr-FR","@id":"https:\/\/tasregistration.com\/fr\/#\/schema\/logo\/image\/","url":"https:\/\/tasregistration.com\/wp-content\/uploads\/2019\/10\/asset_1.png","contentUrl":"https:\/\/tasregistration.com\/wp-content\/uploads\/2019\/10\/asset_1.png","width":219,"height":31,"caption":"Tas Registration"},"image":{"@id":"https:\/\/tasregistration.com\/fr\/#\/schema\/logo\/image\/"}}]}},"_links":{"self":[{"href":"https:\/\/tasregistration.com\/fr\/wp-json\/wp\/v2\/pages\/2633","targetHints":{"allow":["GET"]}}],"collection":[{"href":"https:\/\/tasregistration.com\/fr\/wp-json\/wp\/v2\/pages"}],"about":[{"href":"https:\/\/tasregistration.com\/fr\/wp-json\/wp\/v2\/types\/page"}],"author":[{"embeddable":true,"href":"https:\/\/tasregistration.com\/fr\/wp-json\/wp\/v2\/users\/1"}],"replies":[{"embeddable":true,"href":"https:\/\/tasregistration.com\/fr\/wp-json\/wp\/v2\/comments?post=2633"}],"version-history":[{"count":5,"href":"https:\/\/tasregistration.com\/fr\/wp-json\/wp\/v2\/pages\/2633\/revisions"}],"predecessor-version":[{"id":3170,"href":"https:\/\/tasregistration.com\/fr\/wp-json\/wp\/v2\/pages\/2633\/revisions\/3170"}],"up":[{"embeddable":true,"href":"https:\/\/tasregistration.com\/fr\/wp-json\/wp\/v2\/pages\/2210"}],"wp:attachment":[{"href":"https:\/\/tasregistration.com\/fr\/wp-json\/wp\/v2\/media?parent=2633"}],"curies":[{"name":"wp","href":"https:\/\/api.w.org\/{rel}","templated":true}]}}