{"id":2173,"date":"2019-10-01T01:22:31","date_gmt":"2019-10-01T01:22:31","guid":{"rendered":"https:\/\/tasregistration.com\/services\/"},"modified":"2020-07-08T10:24:14","modified_gmt":"2020-07-08T10:24:14","slug":"services","status":"publish","type":"page","link":"https:\/\/tasregistration.com\/fr\/services\/","title":{"rendered":"Services"},"content":{"rendered":"\t\t<div data-elementor-type=\"wp-page\" data-elementor-id=\"2173\" class=\"elementor elementor-2173 elementor-6\" data-elementor-post-type=\"page\">\n\t\t\t\t\t\t<section class=\"elementor-section elementor-top-section elementor-element elementor-element-f61e420 elementor-section-boxed elementor-section-height-default elementor-section-height-default\" data-id=\"f61e420\" data-element_type=\"section\" data-e-type=\"section\">\n\t\t\t\t\t\t<div class=\"elementor-container elementor-column-gap-default\">\n\t\t\t\t\t<div class=\"elementor-column elementor-col-100 elementor-top-column elementor-element elementor-element-13b4ee4\" data-id=\"13b4ee4\" data-element_type=\"column\" data-e-type=\"column\">\n\t\t\t<div class=\"elementor-widget-wrap elementor-element-populated\">\n\t\t\t\t\t\t<div class=\"elementor-element elementor-element-15ba11e elementor--v-position-bottom elementor--h-position-center elementor-arrows-position-inside elementor-pagination-position-inside elementor-widget elementor-widget-slides\" data-id=\"15ba11e\" data-element_type=\"widget\" data-e-type=\"widget\" data-settings=\"{&quot;navigation&quot;:&quot;both&quot;,&quot;autoplay&quot;:&quot;yes&quot;,&quot;pause_on_hover&quot;:&quot;yes&quot;,&quot;pause_on_interaction&quot;:&quot;yes&quot;,&quot;autoplay_speed&quot;:5000,&quot;infinite&quot;:&quot;yes&quot;,&quot;transition&quot;:&quot;slide&quot;,&quot;transition_speed&quot;:500}\" data-widget_type=\"slides.default\">\n\t\t\t\t<div class=\"elementor-widget-container\">\n\t\t\t\t\t\t\t\t\t<div class=\"elementor-swiper\">\n\t\t\t\t\t<div class=\"elementor-slides-wrapper elementor-main-swiper swiper\" role=\"region\" aria-roledescription=\"carousel\" aria-label=\"Diapositives\" dir=\"ltr\" data-animation=\"fadeInUp\">\n\t\t\t\t<div class=\"swiper-wrapper elementor-slides\">\n\t\t\t\t\t\t\t\t\t\t<div class=\"elementor-repeater-item-c678c14 swiper-slide\" role=\"group\" aria-roledescription=\"slide\"><div class=\"swiper-slide-bg\" role=\"img\" aria-label=\"asset_15\"><\/div><div class=\"swiper-slide-inner\" ><div class=\"swiper-slide-contents\"><div class=\"elementor-slide-heading\">Services <\/div><\/div><\/div><\/div>\t\t\t\t<\/div>\n\t\t\t\t\t\t\t<\/div>\n\t\t\t\t<\/div>\n\t\t\t\t\t\t\t\t<\/div>\n\t\t\t\t<\/div>\n\t\t\t\t\t<\/div>\n\t\t<\/div>\n\t\t\t\t\t<\/div>\n\t\t<\/section>\n\t\t\t\t<section class=\"elementor-section elementor-top-section elementor-element elementor-element-3d0c091 elementor-section-height-min-height elementor-section-boxed elementor-section-height-default elementor-section-items-middle\" data-id=\"3d0c091\" data-element_type=\"section\" data-e-type=\"section\">\n\t\t\t\t\t\t<div class=\"elementor-container elementor-column-gap-default\">\n\t\t\t\t\t<div class=\"make-column-clickable-elementor elementor-column elementor-col-50 elementor-top-column elementor-element elementor-element-4fec35a\" style=\"cursor: pointer;\" data-column-clickable=\"https:\/\/tasregistration.com\/fr\/services\/enregistrement-de-marque-europeenne\/\" data-column-clickable-blank=\"_self\" data-id=\"4fec35a\" data-element_type=\"column\" data-e-type=\"column\" data-settings=\"{&quot;background_background&quot;:&quot;classic&quot;}\">\n\t\t\t<div class=\"elementor-widget-wrap elementor-element-populated\">\n\t\t\t\t\t<div class=\"elementor-background-overlay\"><\/div>\n\t\t\t\t\t\t<div class=\"elementor-element elementor-element-35abc68 elementor-widget elementor-widget-heading\" data-id=\"35abc68\" data-element_type=\"widget\" data-e-type=\"widget\" data-widget_type=\"heading.default\">\n\t\t\t\t<div class=\"elementor-widget-container\">\n\t\t\t\t\t<h2 class=\"elementor-heading-title elementor-size-default\"><a href=\"https:\/\/tasregistration.com\/fr\/services\/enregistrement-de-marque-europeenne\/\">Enregistrement de marque EU<\/a><\/h2>\t\t\t\t<\/div>\n\t\t\t\t<\/div>\n\t\t\t\t\t<\/div>\n\t\t<\/div>\n\t\t\t\t<div class=\"make-column-clickable-elementor elementor-column elementor-col-50 elementor-top-column elementor-element elementor-element-bf18658\" style=\"cursor: pointer;\" data-column-clickable=\"https:\/\/tasregistration.com\/fr\/services\/inscription-de-lentreprise\/\" data-column-clickable-blank=\"_self\" data-id=\"bf18658\" data-element_type=\"column\" data-e-type=\"column\" data-settings=\"{&quot;background_background&quot;:&quot;classic&quot;}\">\n\t\t\t<div class=\"elementor-widget-wrap elementor-element-populated\">\n\t\t\t\t\t<div class=\"elementor-background-overlay\"><\/div>\n\t\t\t\t\t\t<div class=\"elementor-element elementor-element-c324de9 elementor-widget elementor-widget-heading\" data-id=\"c324de9\" data-element_type=\"widget\" data-e-type=\"widget\" data-widget_type=\"heading.default\">\n\t\t\t\t<div class=\"elementor-widget-container\">\n\t\t\t\t\t<h2 class=\"elementor-heading-title elementor-size-default\"><a href=\"https:\/\/tasregistration.com\/fr\/services\/inscription-de-lentreprise\/\">Inscription de l\u2019entreprise<\/a><\/h2>\t\t\t\t<\/div>\n\t\t\t\t<\/div>\n\t\t\t\t\t<\/div>\n\t\t<\/div>\n\t\t\t\t\t<\/div>\n\t\t<\/section>\n\t\t\t\t<section class=\"elementor-section elementor-top-section elementor-element elementor-element-67dd6df elementor-section-height-min-height elementor-section-boxed elementor-section-height-default elementor-section-items-middle\" data-id=\"67dd6df\" data-element_type=\"section\" data-e-type=\"section\">\n\t\t\t\t\t\t<div class=\"elementor-container elementor-column-gap-default\">\n\t\t\t\t\t<div class=\"make-column-clickable-elementor elementor-column elementor-col-50 elementor-top-column elementor-element elementor-element-9f67f14\" style=\"cursor: pointer;\" data-column-clickable=\"https:\/\/tasregistration.com\/fr\/services\/droits-dauteur\/\" data-column-clickable-blank=\"_self\" data-id=\"9f67f14\" data-element_type=\"column\" data-e-type=\"column\" data-settings=\"{&quot;background_background&quot;:&quot;classic&quot;}\">\n\t\t\t<div class=\"elementor-widget-wrap elementor-element-populated\">\n\t\t\t\t\t<div class=\"elementor-background-overlay\"><\/div>\n\t\t\t\t\t\t<div class=\"elementor-element elementor-element-1ade13c elementor-widget elementor-widget-heading\" data-id=\"1ade13c\" data-element_type=\"widget\" data-e-type=\"widget\" data-widget_type=\"heading.default\">\n\t\t\t\t<div class=\"elementor-widget-container\">\n\t\t\t\t\t<h2 class=\"elementor-heading-title elementor-size-default\"><a href=\"https:\/\/tasregistration.com\/fr\/services\/droits-dauteur\/\">Droits d\u2019auteur<\/a><\/h2>\t\t\t\t<\/div>\n\t\t\t\t<\/div>\n\t\t\t\t\t<\/div>\n\t\t<\/div>\n\t\t\t\t<div class=\"make-column-clickable-elementor elementor-column elementor-col-50 elementor-top-column elementor-element elementor-element-6dda05d\" style=\"cursor: pointer;\" data-column-clickable=\"https:\/\/tasregistration.com\/fr\/services\/nom-de-domaine\/\" data-column-clickable-blank=\"_self\" data-id=\"6dda05d\" data-element_type=\"column\" data-e-type=\"column\" data-settings=\"{&quot;background_background&quot;:&quot;classic&quot;}\">\n\t\t\t<div class=\"elementor-widget-wrap elementor-element-populated\">\n\t\t\t\t\t<div class=\"elementor-background-overlay\"><\/div>\n\t\t\t\t\t\t<div class=\"elementor-element elementor-element-07b998e elementor-widget elementor-widget-heading\" data-id=\"07b998e\" data-element_type=\"widget\" data-e-type=\"widget\" data-widget_type=\"heading.default\">\n\t\t\t\t<div class=\"elementor-widget-container\">\n\t\t\t\t\t<h2 class=\"elementor-heading-title elementor-size-default\"><a href=\"https:\/\/tasregistration.com\/fr\/services\/nom-de-domaine\/\">Nom de domaine<\/a><\/h2>\t\t\t\t<\/div>\n\t\t\t\t<\/div>\n\t\t\t\t\t<\/div>\n\t\t<\/div>\n\t\t\t\t\t<\/div>\n\t\t<\/section>\n\t\t\t\t<section class=\"elementor-section elementor-top-section elementor-element elementor-element-e8737c9 elementor-section-height-min-height elementor-section-boxed elementor-section-height-default elementor-section-items-middle\" data-id=\"e8737c9\" data-element_type=\"section\" data-e-type=\"section\">\n\t\t\t\t\t\t<div class=\"elementor-container elementor-column-gap-default\">\n\t\t\t\t\t<div class=\"make-column-clickable-elementor elementor-column elementor-col-50 elementor-top-column elementor-element elementor-element-04ef1a9\" style=\"cursor: pointer;\" data-column-clickable=\"https:\/\/tasregistration.com\/fr\/services\/transactions-audit-pi\/\" data-column-clickable-blank=\"_self\" data-id=\"04ef1a9\" data-element_type=\"column\" data-e-type=\"column\" data-settings=\"{&quot;background_background&quot;:&quot;classic&quot;}\">\n\t\t\t<div class=\"elementor-widget-wrap elementor-element-populated\">\n\t\t\t\t\t<div class=\"elementor-background-overlay\"><\/div>\n\t\t\t\t\t\t<div class=\"elementor-element elementor-element-925754f elementor-widget elementor-widget-heading\" data-id=\"925754f\" data-element_type=\"widget\" data-e-type=\"widget\" data-widget_type=\"heading.default\">\n\t\t\t\t<div class=\"elementor-widget-container\">\n\t\t\t\t\t<h2 class=\"elementor-heading-title elementor-size-default\"><a href=\"https:\/\/tasregistration.com\/fr\/services\/transactions-audit-pi\/\">Transactions &amp; Audit PI<\/a><\/h2>\t\t\t\t<\/div>\n\t\t\t\t<\/div>\n\t\t\t\t\t<\/div>\n\t\t<\/div>\n\t\t\t\t<div class=\"make-column-clickable-elementor elementor-column elementor-col-50 elementor-top-column elementor-element elementor-element-42bea5a\" style=\"cursor: pointer;\" data-column-clickable=\"https:\/\/tasregistration.com\/fr\/services\/contrats-et-licences\/\" data-column-clickable-blank=\"_self\" data-id=\"42bea5a\" data-element_type=\"column\" data-e-type=\"column\" data-settings=\"{&quot;background_background&quot;:&quot;classic&quot;}\">\n\t\t\t<div class=\"elementor-widget-wrap elementor-element-populated\">\n\t\t\t\t\t<div class=\"elementor-background-overlay\"><\/div>\n\t\t\t\t\t\t<div class=\"elementor-element elementor-element-2a49e5f elementor-widget elementor-widget-heading\" data-id=\"2a49e5f\" data-element_type=\"widget\" data-e-type=\"widget\" data-widget_type=\"heading.default\">\n\t\t\t\t<div class=\"elementor-widget-container\">\n\t\t\t\t\t<h2 class=\"elementor-heading-title elementor-size-default\"><a href=\"https:\/\/tasregistration.com\/fr\/services\/contrats-et-licences\/\">Contrats et licences<\/a><\/h2>\t\t\t\t<\/div>\n\t\t\t\t<\/div>\n\t\t\t\t\t<\/div>\n\t\t<\/div>\n\t\t\t\t\t<\/div>\n\t\t<\/section>\n\t\t\t\t<section class=\"elementor-section elementor-top-section elementor-element elementor-element-df663cc elementor-section-height-min-height elementor-section-boxed elementor-section-height-default elementor-section-items-middle\" data-id=\"df663cc\" data-element_type=\"section\" data-e-type=\"section\">\n\t\t\t\t\t\t<div class=\"elementor-container elementor-column-gap-default\">\n\t\t\t\t\t<div class=\"make-column-clickable-elementor elementor-column elementor-col-50 elementor-top-column elementor-element elementor-element-34f1caf\" style=\"cursor: pointer;\" data-column-clickable=\"https:\/\/tasregistration.com\/fr\/services\/depot-de-brevet-europeen\/\" data-column-clickable-blank=\"_self\" data-id=\"34f1caf\" data-element_type=\"column\" data-e-type=\"column\" data-settings=\"{&quot;background_background&quot;:&quot;classic&quot;}\">\n\t\t\t<div class=\"elementor-widget-wrap elementor-element-populated\">\n\t\t\t\t\t<div class=\"elementor-background-overlay\"><\/div>\n\t\t\t\t\t\t<div class=\"elementor-element elementor-element-090411c elementor-widget elementor-widget-heading\" data-id=\"090411c\" data-element_type=\"widget\" data-e-type=\"widget\" data-widget_type=\"heading.default\">\n\t\t\t\t<div class=\"elementor-widget-container\">\n\t\t\t\t\t<h2 class=\"elementor-heading-title elementor-size-default\"><a href=\"https:\/\/tasregistration.com\/fr\/services\/depot-de-brevet-europeen\/\">D\u00e9p\u00f4t de brevet europ\u00e9en<\/a><\/h2>\t\t\t\t<\/div>\n\t\t\t\t<\/div>\n\t\t\t\t\t<\/div>\n\t\t<\/div>\n\t\t\t\t<div class=\"elementor-column elementor-col-50 elementor-top-column elementor-element elementor-element-aaeea92 elementor-hidden-tablet elementor-hidden-phone\" data-id=\"aaeea92\" data-element_type=\"column\" data-e-type=\"column\" data-settings=\"{&quot;background_background&quot;:&quot;classic&quot;}\">\n\t\t\t<div class=\"elementor-widget-wrap\">\n\t\t\t\t\t<div class=\"elementor-background-overlay\"><\/div>\n\t\t\t\t\t\t\t<\/div>\n\t\t<\/div>\n\t\t\t\t\t<\/div>\n\t\t<\/section>\n\t\t\t\t<\/div>\n\t\t","protected":false},"excerpt":{"rendered":"<p>Services Enregistrement de marque EU Inscription de l\u2019entreprise Droits d\u2019auteur Nom de domaine Transactions &#038; Audit PI Contrats et licences D\u00e9p\u00f4t de brevet europ\u00e9en<\/p>\n","protected":false},"author":1,"featured_media":0,"parent":0,"menu_order":2,"comment_status":"closed","ping_status":"closed","template":"","meta":{"footnotes":""},"class_list":["post-2173","page","type-page","status-publish","hentry"],"yoast_head":"<title>Services de propri\u00e9t\u00e9 intellectuelle pour une entreprise prosp\u00e8re | TAS<\/title>\n<meta name=\"description\" content=\"Choisissez parmi une grande vari\u00e9t\u00e9 de services qui assurent l&#039;acquisition, l&#039;application et la mon\u00e9tisation de votre propri\u00e9t\u00e9 intellectuelle.\" \/>\n<meta name=\"robots\" content=\"index, follow, max-snippet:-1, max-image-preview:large, max-video-preview:-1\" \/>\n<link rel=\"canonical\" href=\"https:\/\/tasregistration.com\/fr\/services\/\" \/>\n<meta property=\"og:locale\" content=\"fr_FR\" \/>\n<meta property=\"og:type\" content=\"article\" \/>\n<meta property=\"og:title\" content=\"Services de propri\u00e9t\u00e9 intellectuelle pour une entreprise prosp\u00e8re | TAS\" \/>\n<meta property=\"og:description\" content=\"Choisissez parmi une grande vari\u00e9t\u00e9 de services qui assurent l&#039;acquisition, l&#039;application et la mon\u00e9tisation de votre propri\u00e9t\u00e9 intellectuelle.\" \/>\n<meta property=\"og:url\" content=\"https:\/\/tasregistration.com\/fr\/services\/\" \/>\n<meta property=\"og:site_name\" content=\"Tas Registration\" \/>\n<meta property=\"article:modified_time\" content=\"2020-07-08T10:24:14+00:00\" \/>\n<meta name=\"twitter:card\" content=\"summary_large_image\" \/>\n<script type=\"application\/ld+json\" class=\"yoast-schema-graph\">{\"@context\":\"https:\/\/schema.org\",\"@graph\":[{\"@type\":\"WebPage\",\"@id\":\"https:\/\/tasregistration.com\/fr\/services\/\",\"url\":\"https:\/\/tasregistration.com\/fr\/services\/\",\"name\":\"Services de propri\u00e9t\u00e9 intellectuelle pour une entreprise prosp\u00e8re | TAS\",\"isPartOf\":{\"@id\":\"https:\/\/tasregistration.com\/fr\/#website\"},\"datePublished\":\"2019-10-01T01:22:31+00:00\",\"dateModified\":\"2020-07-08T10:24:14+00:00\",\"description\":\"Choisissez parmi une grande vari\u00e9t\u00e9 de services qui assurent l'acquisition, l'application et la mon\u00e9tisation de votre propri\u00e9t\u00e9 intellectuelle.\",\"breadcrumb\":{\"@id\":\"https:\/\/tasregistration.com\/fr\/services\/#breadcrumb\"},\"inLanguage\":\"fr-FR\",\"potentialAction\":[{\"@type\":\"ReadAction\",\"target\":[\"https:\/\/tasregistration.com\/fr\/services\/\"]}]},{\"@type\":\"BreadcrumbList\",\"@id\":\"https:\/\/tasregistration.com\/fr\/services\/#breadcrumb\",\"itemListElement\":[{\"@type\":\"ListItem\",\"position\":1,\"name\":\"Home\",\"item\":\"https:\/\/tasregistration.com\/fr\/\"},{\"@type\":\"ListItem\",\"position\":2,\"name\":\"Services\"}]},{\"@type\":\"WebSite\",\"@id\":\"https:\/\/tasregistration.com\/fr\/#website\",\"url\":\"https:\/\/tasregistration.com\/fr\/\",\"name\":\"Tas Registration\",\"description\":\"Just another WordPress site\",\"publisher\":{\"@id\":\"https:\/\/tasregistration.com\/fr\/#organization\"},\"potentialAction\":[{\"@type\":\"SearchAction\",\"target\":{\"@type\":\"EntryPoint\",\"urlTemplate\":\"https:\/\/tasregistration.com\/fr\/?s={search_term_string}\"},\"query-input\":{\"@type\":\"PropertyValueSpecification\",\"valueRequired\":true,\"valueName\":\"search_term_string\"}}],\"inLanguage\":\"fr-FR\"},{\"@type\":\"Organization\",\"@id\":\"https:\/\/tasregistration.com\/fr\/#organization\",\"name\":\"Tas Registration\",\"url\":\"https:\/\/tasregistration.com\/fr\/\",\"logo\":{\"@type\":\"ImageObject\",\"inLanguage\":\"fr-FR\",\"@id\":\"https:\/\/tasregistration.com\/fr\/#\/schema\/logo\/image\/\",\"url\":\"https:\/\/tasregistration.com\/wp-content\/uploads\/2019\/10\/asset_1.png\",\"contentUrl\":\"https:\/\/tasregistration.com\/wp-content\/uploads\/2019\/10\/asset_1.png\",\"width\":219,\"height\":31,\"caption\":\"Tas Registration\"},\"image\":{\"@id\":\"https:\/\/tasregistration.com\/fr\/#\/schema\/logo\/image\/\"}}]}<\/script>","yoast_head_json":{"title":"Services de propri\u00e9t\u00e9 intellectuelle pour une entreprise prosp\u00e8re | TAS","description":"Choisissez parmi une grande vari\u00e9t\u00e9 de services qui assurent l'acquisition, l'application et la mon\u00e9tisation de votre propri\u00e9t\u00e9 intellectuelle.","robots":{"index":"index","follow":"follow","max-snippet":"max-snippet:-1","max-image-preview":"max-image-preview:large","max-video-preview":"max-video-preview:-1"},"canonical":"https:\/\/tasregistration.com\/fr\/services\/","og_locale":"fr_FR","og_type":"article","og_title":"Services de propri\u00e9t\u00e9 intellectuelle pour une entreprise prosp\u00e8re | TAS","og_description":"Choisissez parmi une grande vari\u00e9t\u00e9 de services qui assurent l'acquisition, l'application et la mon\u00e9tisation de votre propri\u00e9t\u00e9 intellectuelle.","og_url":"https:\/\/tasregistration.com\/fr\/services\/","og_site_name":"Tas Registration","article_modified_time":"2020-07-08T10:24:14+00:00","twitter_card":"summary_large_image","schema":{"@context":"https:\/\/schema.org","@graph":[{"@type":"WebPage","@id":"https:\/\/tasregistration.com\/fr\/services\/","url":"https:\/\/tasregistration.com\/fr\/services\/","name":"Services de propri\u00e9t\u00e9 intellectuelle pour une entreprise prosp\u00e8re | TAS","isPartOf":{"@id":"https:\/\/tasregistration.com\/fr\/#website"},"datePublished":"2019-10-01T01:22:31+00:00","dateModified":"2020-07-08T10:24:14+00:00","description":"Choisissez parmi une grande vari\u00e9t\u00e9 de services qui assurent l'acquisition, l'application et la mon\u00e9tisation de votre propri\u00e9t\u00e9 intellectuelle.","breadcrumb":{"@id":"https:\/\/tasregistration.com\/fr\/services\/#breadcrumb"},"inLanguage":"fr-FR","potentialAction":[{"@type":"ReadAction","target":["https:\/\/tasregistration.com\/fr\/services\/"]}]},{"@type":"BreadcrumbList","@id":"https:\/\/tasregistration.com\/fr\/services\/#breadcrumb","itemListElement":[{"@type":"ListItem","position":1,"name":"Home","item":"https:\/\/tasregistration.com\/fr\/"},{"@type":"ListItem","position":2,"name":"Services"}]},{"@type":"WebSite","@id":"https:\/\/tasregistration.com\/fr\/#website","url":"https:\/\/tasregistration.com\/fr\/","name":"Tas Registration","description":"Just another WordPress site","publisher":{"@id":"https:\/\/tasregistration.com\/fr\/#organization"},"potentialAction":[{"@type":"SearchAction","target":{"@type":"EntryPoint","urlTemplate":"https:\/\/tasregistration.com\/fr\/?s={search_term_string}"},"query-input":{"@type":"PropertyValueSpecification","valueRequired":true,"valueName":"search_term_string"}}],"inLanguage":"fr-FR"},{"@type":"Organization","@id":"https:\/\/tasregistration.com\/fr\/#organization","name":"Tas Registration","url":"https:\/\/tasregistration.com\/fr\/","logo":{"@type":"ImageObject","inLanguage":"fr-FR","@id":"https:\/\/tasregistration.com\/fr\/#\/schema\/logo\/image\/","url":"https:\/\/tasregistration.com\/wp-content\/uploads\/2019\/10\/asset_1.png","contentUrl":"https:\/\/tasregistration.com\/wp-content\/uploads\/2019\/10\/asset_1.png","width":219,"height":31,"caption":"Tas Registration"},"image":{"@id":"https:\/\/tasregistration.com\/fr\/#\/schema\/logo\/image\/"}}]}},"_links":{"self":[{"href":"https:\/\/tasregistration.com\/fr\/wp-json\/wp\/v2\/pages\/2173","targetHints":{"allow":["GET"]}}],"collection":[{"href":"https:\/\/tasregistration.com\/fr\/wp-json\/wp\/v2\/pages"}],"about":[{"href":"https:\/\/tasregistration.com\/fr\/wp-json\/wp\/v2\/types\/page"}],"author":[{"embeddable":true,"href":"https:\/\/tasregistration.com\/fr\/wp-json\/wp\/v2\/users\/1"}],"replies":[{"embeddable":true,"href":"https:\/\/tasregistration.com\/fr\/wp-json\/wp\/v2\/comments?post=2173"}],"version-history":[{"count":7,"href":"https:\/\/tasregistration.com\/fr\/wp-json\/wp\/v2\/pages\/2173\/revisions"}],"predecessor-version":[{"id":4539,"href":"https:\/\/tasregistration.com\/fr\/wp-json\/wp\/v2\/pages\/2173\/revisions\/4539"}],"wp:attachment":[{"href":"https:\/\/tasregistration.com\/fr\/wp-json\/wp\/v2\/media?parent=2173"}],"curies":[{"name":"wp","href":"https:\/\/api.w.org\/{rel}","templated":true}]}}