{"id":2634,"date":"2019-10-03T05:55:33","date_gmt":"2019-10-03T05:55:33","guid":{"rendered":"https:\/\/tasregistration.com\/contact\/thank-you\/"},"modified":"2019-10-21T12:28:30","modified_gmt":"2019-10-21T12:28:30","slug":"danke","status":"publish","type":"page","link":"https:\/\/tasregistration.com\/de\/kontakt\/danke\/","title":{"rendered":"Danke"},"content":{"rendered":"\t\t<div data-elementor-type=\"wp-page\" data-elementor-id=\"2634\" class=\"elementor elementor-2634 elementor-1766\" data-elementor-post-type=\"page\">\n\t\t\t\t\t\t<section class=\"elementor-section elementor-top-section elementor-element elementor-element-6304342 elementor-hidden-tablet elementor-hidden-phone elementor-section-boxed elementor-section-height-default elementor-section-height-default\" data-id=\"6304342\" data-element_type=\"section\" data-e-type=\"section\">\n\t\t\t\t\t\t<div class=\"elementor-container elementor-column-gap-default\">\n\t\t\t\t\t<div class=\"elementor-column elementor-col-100 elementor-top-column elementor-element elementor-element-7410bba\" data-id=\"7410bba\" data-element_type=\"column\" data-e-type=\"column\">\n\t\t\t<div class=\"elementor-widget-wrap elementor-element-populated\">\n\t\t\t\t\t\t<div class=\"elementor-element elementor-element-3ccfa85 elementor--v-position-bottom elementor--h-position-center elementor-arrows-position-inside elementor-pagination-position-inside elementor-widget elementor-widget-slides\" data-id=\"3ccfa85\" data-element_type=\"widget\" data-e-type=\"widget\" data-settings=\"{&quot;navigation&quot;:&quot;both&quot;,&quot;autoplay&quot;:&quot;yes&quot;,&quot;pause_on_hover&quot;:&quot;yes&quot;,&quot;pause_on_interaction&quot;:&quot;yes&quot;,&quot;autoplay_speed&quot;:5000,&quot;infinite&quot;:&quot;yes&quot;,&quot;transition&quot;:&quot;slide&quot;,&quot;transition_speed&quot;:500}\" data-widget_type=\"slides.default\">\n\t\t\t\t<div class=\"elementor-widget-container\">\n\t\t\t\t\t\t\t\t\t<div class=\"elementor-swiper\">\n\t\t\t\t\t<div class=\"elementor-slides-wrapper elementor-main-swiper swiper\" role=\"region\" aria-roledescription=\"carousel\" aria-label=\"Slider\" dir=\"ltr\" data-animation=\"fadeInUp\">\n\t\t\t\t<div class=\"swiper-wrapper elementor-slides\">\n\t\t\t\t\t\t\t\t\t\t<div class=\"elementor-repeater-item-c678c14 swiper-slide\" role=\"group\" aria-roledescription=\"slide\"><div class=\"swiper-slide-bg\" role=\"img\" aria-label=\"asset_30\"><\/div><div class=\"swiper-slide-inner\" ><div class=\"swiper-slide-contents\"><div class=\"elementor-slide-heading\">Contact<\/div><\/div><\/div><\/div>\t\t\t\t<\/div>\n\t\t\t\t\t\t\t<\/div>\n\t\t\t\t<\/div>\n\t\t\t\t\t\t\t\t<\/div>\n\t\t\t\t<\/div>\n\t\t\t\t\t<\/div>\n\t\t<\/div>\n\t\t\t\t\t<\/div>\n\t\t<\/section>\n\t\t\t\t<section class=\"elementor-section elementor-top-section elementor-element elementor-element-1baa29e card_form elementor-section-height-min-height elementor-section-boxed elementor-section-height-default elementor-section-items-middle\" data-id=\"1baa29e\" data-element_type=\"section\" data-e-type=\"section\" data-settings=\"{&quot;background_background&quot;:&quot;classic&quot;}\">\n\t\t\t\t\t\t<div class=\"elementor-container elementor-column-gap-default\">\n\t\t\t\t\t<div class=\"elementor-column elementor-col-100 elementor-top-column elementor-element elementor-element-904652b\" data-id=\"904652b\" data-element_type=\"column\" data-e-type=\"column\">\n\t\t\t<div class=\"elementor-widget-wrap elementor-element-populated\">\n\t\t\t\t\t\t<section class=\"elementor-section elementor-inner-section elementor-element elementor-element-35777f7 elementor-section-boxed elementor-section-height-default elementor-section-height-default\" data-id=\"35777f7\" data-element_type=\"section\" data-e-type=\"section\">\n\t\t\t\t\t\t<div class=\"elementor-container elementor-column-gap-default\">\n\t\t\t\t\t<div class=\"elementor-column elementor-col-100 elementor-inner-column elementor-element elementor-element-3a58bd3\" data-id=\"3a58bd3\" data-element_type=\"column\" data-e-type=\"column\">\n\t\t\t<div class=\"elementor-widget-wrap elementor-element-populated\">\n\t\t\t\t\t\t<div class=\"elementor-element elementor-element-aba6274 elementor-widget elementor-widget-heading\" data-id=\"aba6274\" data-element_type=\"widget\" data-e-type=\"widget\" data-widget_type=\"heading.default\">\n\t\t\t\t<div class=\"elementor-widget-container\">\n\t\t\t\t\t<h2 class=\"elementor-heading-title elementor-size-default\">Danke, dass Sie uns kontaktiert haben!<\/h2>\t\t\t\t<\/div>\n\t\t\t\t<\/div>\n\t\t\t\t<div class=\"elementor-element elementor-element-869cde2 elementor-widget elementor-widget-text-editor\" data-id=\"869cde2\" data-element_type=\"widget\" data-e-type=\"widget\" data-widget_type=\"text-editor.default\">\n\t\t\t\t<div class=\"elementor-widget-container\">\n\t\t\t\t\t\t\t\t\t<p>Einer unserer Kollegen wird sich in K\u00fcrze bei Ihnen melden.<\/p>\t\t\t\t\t\t\t\t<\/div>\n\t\t\t\t<\/div>\n\t\t\t\t<div class=\"elementor-element elementor-element-4d36acc elementor-widget elementor-widget-spacer\" data-id=\"4d36acc\" data-element_type=\"widget\" data-e-type=\"widget\" data-widget_type=\"spacer.default\">\n\t\t\t\t<div class=\"elementor-widget-container\">\n\t\t\t\t\t\t\t<div class=\"elementor-spacer\">\n\t\t\t<div class=\"elementor-spacer-inner\"><\/div>\n\t\t<\/div>\n\t\t\t\t\t\t<\/div>\n\t\t\t\t<\/div>\n\t\t\t\t<div class=\"elementor-element elementor-element-4b7f470 elementor-widget elementor-widget-text-editor\" data-id=\"4b7f470\" data-element_type=\"widget\" data-e-type=\"widget\" data-widget_type=\"text-editor.default\">\n\t\t\t\t<div class=\"elementor-widget-container\">\n\t\t\t\t\t\t\t\t\t<p>Erfahren Sie mehr \u00fcber unsere <a href=\"https:\/\/tasregistration.com\/de\/leistungen\/\">Leistungen<\/a>.<\/p>\t\t\t\t\t\t\t\t<\/div>\n\t\t\t\t<\/div>\n\t\t\t\t\t<\/div>\n\t\t<\/div>\n\t\t\t\t\t<\/div>\n\t\t<\/section>\n\t\t\t\t\t<\/div>\n\t\t<\/div>\n\t\t\t\t\t<\/div>\n\t\t<\/section>\n\t\t\t\t<\/div>\n\t\t","protected":false},"excerpt":{"rendered":"<p>Contact Danke, dass Sie uns kontaktiert haben! Einer unserer Kollegen wird sich in K\u00fcrze bei Ihnen melden. Erfahren Sie mehr \u00fcber unsere Leistungen.<\/p>\n","protected":false},"author":1,"featured_media":0,"parent":2211,"menu_order":5,"comment_status":"closed","ping_status":"closed","template":"","meta":{"footnotes":""},"class_list":["post-2634","page","type-page","status-publish","hentry"],"yoast_head":"<title>Vielen Dank f\u00fcr das W\u00e4hlen unseres Intellectual Property Services | TAS<\/title>\n<meta name=\"description\" content=\"Einer unserer Kollegen wird sich in K\u00fcrze mit Ihnen in Verbindung setzen, um eine kostenlose Beratung in Bezug auf Ihr geistiges Eigentum zu erhalten.\" \/>\n<meta name=\"robots\" content=\"index, follow, max-snippet:-1, max-image-preview:large, max-video-preview:-1\" \/>\n<link rel=\"canonical\" href=\"https:\/\/tasregistration.com\/de\/kontakt\/danke\/\" \/>\n<meta property=\"og:locale\" content=\"de_DE\" \/>\n<meta property=\"og:type\" content=\"article\" \/>\n<meta property=\"og:title\" content=\"Vielen Dank f\u00fcr das W\u00e4hlen unseres Intellectual Property Services | TAS\" \/>\n<meta property=\"og:description\" content=\"Einer unserer Kollegen wird sich in K\u00fcrze mit Ihnen in Verbindung setzen, um eine kostenlose Beratung in Bezug auf Ihr geistiges Eigentum zu erhalten.\" \/>\n<meta property=\"og:url\" content=\"https:\/\/tasregistration.com\/de\/kontakt\/danke\/\" \/>\n<meta property=\"og:site_name\" content=\"Tas Registration\" \/>\n<meta property=\"article:modified_time\" content=\"2019-10-21T12:28:30+00:00\" \/>\n<meta name=\"twitter:card\" content=\"summary_large_image\" \/>\n<script type=\"application\/ld+json\" class=\"yoast-schema-graph\">{\"@context\":\"https:\/\/schema.org\",\"@graph\":[{\"@type\":\"WebPage\",\"@id\":\"https:\/\/tasregistration.com\/de\/kontakt\/danke\/\",\"url\":\"https:\/\/tasregistration.com\/de\/kontakt\/danke\/\",\"name\":\"Vielen Dank f\u00fcr das W\u00e4hlen unseres Intellectual Property Services | TAS\",\"isPartOf\":{\"@id\":\"https:\/\/tasregistration.com\/de\/#website\"},\"datePublished\":\"2019-10-03T05:55:33+00:00\",\"dateModified\":\"2019-10-21T12:28:30+00:00\",\"description\":\"Einer unserer Kollegen wird sich in K\u00fcrze mit Ihnen in Verbindung setzen, um eine kostenlose Beratung in Bezug auf Ihr geistiges Eigentum zu erhalten.\",\"breadcrumb\":{\"@id\":\"https:\/\/tasregistration.com\/de\/kontakt\/danke\/#breadcrumb\"},\"inLanguage\":\"de\",\"potentialAction\":[{\"@type\":\"ReadAction\",\"target\":[\"https:\/\/tasregistration.com\/de\/kontakt\/danke\/\"]}]},{\"@type\":\"BreadcrumbList\",\"@id\":\"https:\/\/tasregistration.com\/de\/kontakt\/danke\/#breadcrumb\",\"itemListElement\":[{\"@type\":\"ListItem\",\"position\":1,\"name\":\"Home\",\"item\":\"https:\/\/tasregistration.com\/de\/\"},{\"@type\":\"ListItem\",\"position\":2,\"name\":\"Kontakt\",\"item\":\"https:\/\/tasregistration.com\/de\/kontakt\/\"},{\"@type\":\"ListItem\",\"position\":3,\"name\":\"Danke\"}]},{\"@type\":\"WebSite\",\"@id\":\"https:\/\/tasregistration.com\/de\/#website\",\"url\":\"https:\/\/tasregistration.com\/de\/\",\"name\":\"Tas Registration\",\"description\":\"Just another WordPress site\",\"publisher\":{\"@id\":\"https:\/\/tasregistration.com\/de\/#organization\"},\"potentialAction\":[{\"@type\":\"SearchAction\",\"target\":{\"@type\":\"EntryPoint\",\"urlTemplate\":\"https:\/\/tasregistration.com\/de\/?s={search_term_string}\"},\"query-input\":{\"@type\":\"PropertyValueSpecification\",\"valueRequired\":true,\"valueName\":\"search_term_string\"}}],\"inLanguage\":\"de\"},{\"@type\":\"Organization\",\"@id\":\"https:\/\/tasregistration.com\/de\/#organization\",\"name\":\"Tas Registration\",\"url\":\"https:\/\/tasregistration.com\/de\/\",\"logo\":{\"@type\":\"ImageObject\",\"inLanguage\":\"de\",\"@id\":\"https:\/\/tasregistration.com\/de\/#\/schema\/logo\/image\/\",\"url\":\"https:\/\/tasregistration.com\/wp-content\/uploads\/2019\/10\/asset_1.png\",\"contentUrl\":\"https:\/\/tasregistration.com\/wp-content\/uploads\/2019\/10\/asset_1.png\",\"width\":219,\"height\":31,\"caption\":\"Tas Registration\"},\"image\":{\"@id\":\"https:\/\/tasregistration.com\/de\/#\/schema\/logo\/image\/\"}}]}<\/script>","yoast_head_json":{"title":"Vielen Dank f\u00fcr das W\u00e4hlen unseres Intellectual Property Services | TAS","description":"Einer unserer Kollegen wird sich in K\u00fcrze mit Ihnen in Verbindung setzen, um eine kostenlose Beratung in Bezug auf Ihr geistiges Eigentum zu erhalten.","robots":{"index":"index","follow":"follow","max-snippet":"max-snippet:-1","max-image-preview":"max-image-preview:large","max-video-preview":"max-video-preview:-1"},"canonical":"https:\/\/tasregistration.com\/de\/kontakt\/danke\/","og_locale":"de_DE","og_type":"article","og_title":"Vielen Dank f\u00fcr das W\u00e4hlen unseres Intellectual Property Services | TAS","og_description":"Einer unserer Kollegen wird sich in K\u00fcrze mit Ihnen in Verbindung setzen, um eine kostenlose Beratung in Bezug auf Ihr geistiges Eigentum zu erhalten.","og_url":"https:\/\/tasregistration.com\/de\/kontakt\/danke\/","og_site_name":"Tas Registration","article_modified_time":"2019-10-21T12:28:30+00:00","twitter_card":"summary_large_image","schema":{"@context":"https:\/\/schema.org","@graph":[{"@type":"WebPage","@id":"https:\/\/tasregistration.com\/de\/kontakt\/danke\/","url":"https:\/\/tasregistration.com\/de\/kontakt\/danke\/","name":"Vielen Dank f\u00fcr das W\u00e4hlen unseres Intellectual Property Services | TAS","isPartOf":{"@id":"https:\/\/tasregistration.com\/de\/#website"},"datePublished":"2019-10-03T05:55:33+00:00","dateModified":"2019-10-21T12:28:30+00:00","description":"Einer unserer Kollegen wird sich in K\u00fcrze mit Ihnen in Verbindung setzen, um eine kostenlose Beratung in Bezug auf Ihr geistiges Eigentum zu erhalten.","breadcrumb":{"@id":"https:\/\/tasregistration.com\/de\/kontakt\/danke\/#breadcrumb"},"inLanguage":"de","potentialAction":[{"@type":"ReadAction","target":["https:\/\/tasregistration.com\/de\/kontakt\/danke\/"]}]},{"@type":"BreadcrumbList","@id":"https:\/\/tasregistration.com\/de\/kontakt\/danke\/#breadcrumb","itemListElement":[{"@type":"ListItem","position":1,"name":"Home","item":"https:\/\/tasregistration.com\/de\/"},{"@type":"ListItem","position":2,"name":"Kontakt","item":"https:\/\/tasregistration.com\/de\/kontakt\/"},{"@type":"ListItem","position":3,"name":"Danke"}]},{"@type":"WebSite","@id":"https:\/\/tasregistration.com\/de\/#website","url":"https:\/\/tasregistration.com\/de\/","name":"Tas Registration","description":"Just another WordPress site","publisher":{"@id":"https:\/\/tasregistration.com\/de\/#organization"},"potentialAction":[{"@type":"SearchAction","target":{"@type":"EntryPoint","urlTemplate":"https:\/\/tasregistration.com\/de\/?s={search_term_string}"},"query-input":{"@type":"PropertyValueSpecification","valueRequired":true,"valueName":"search_term_string"}}],"inLanguage":"de"},{"@type":"Organization","@id":"https:\/\/tasregistration.com\/de\/#organization","name":"Tas Registration","url":"https:\/\/tasregistration.com\/de\/","logo":{"@type":"ImageObject","inLanguage":"de","@id":"https:\/\/tasregistration.com\/de\/#\/schema\/logo\/image\/","url":"https:\/\/tasregistration.com\/wp-content\/uploads\/2019\/10\/asset_1.png","contentUrl":"https:\/\/tasregistration.com\/wp-content\/uploads\/2019\/10\/asset_1.png","width":219,"height":31,"caption":"Tas Registration"},"image":{"@id":"https:\/\/tasregistration.com\/de\/#\/schema\/logo\/image\/"}}]}},"_links":{"self":[{"href":"https:\/\/tasregistration.com\/de\/wp-json\/wp\/v2\/pages\/2634","targetHints":{"allow":["GET"]}}],"collection":[{"href":"https:\/\/tasregistration.com\/de\/wp-json\/wp\/v2\/pages"}],"about":[{"href":"https:\/\/tasregistration.com\/de\/wp-json\/wp\/v2\/types\/page"}],"author":[{"embeddable":true,"href":"https:\/\/tasregistration.com\/de\/wp-json\/wp\/v2\/users\/1"}],"replies":[{"embeddable":true,"href":"https:\/\/tasregistration.com\/de\/wp-json\/wp\/v2\/comments?post=2634"}],"version-history":[{"count":5,"href":"https:\/\/tasregistration.com\/de\/wp-json\/wp\/v2\/pages\/2634\/revisions"}],"predecessor-version":[{"id":3224,"href":"https:\/\/tasregistration.com\/de\/wp-json\/wp\/v2\/pages\/2634\/revisions\/3224"}],"up":[{"embeddable":true,"href":"https:\/\/tasregistration.com\/de\/wp-json\/wp\/v2\/pages\/2211"}],"wp:attachment":[{"href":"https:\/\/tasregistration.com\/de\/wp-json\/wp\/v2\/media?parent=2634"}],"curies":[{"name":"wp","href":"https:\/\/api.w.org\/{rel}","templated":true}]}}