{"id":2211,"date":"2019-10-01T01:23:08","date_gmt":"2019-10-01T01:23:08","guid":{"rendered":"https:\/\/tasregistration.com\/contact\/"},"modified":"2020-07-08T11:06:07","modified_gmt":"2020-07-08T11:06:07","slug":"kontakt","status":"publish","type":"page","link":"https:\/\/tasregistration.com\/de\/kontakt\/","title":{"rendered":"Kontakt"},"content":{"rendered":"\t\t<div data-elementor-type=\"wp-page\" data-elementor-id=\"2211\" class=\"elementor elementor-2211 elementor-11\" data-elementor-post-type=\"page\">\n\t\t\t\t\t\t<section class=\"elementor-section elementor-top-section elementor-element elementor-element-811a77a elementor-section-boxed elementor-section-height-default elementor-section-height-default\" data-id=\"811a77a\" data-element_type=\"section\" data-e-type=\"section\">\n\t\t\t\t\t\t<div class=\"elementor-container elementor-column-gap-default\">\n\t\t\t\t\t<div class=\"elementor-column elementor-col-100 elementor-top-column elementor-element elementor-element-d9f65ca\" data-id=\"d9f65ca\" data-element_type=\"column\" data-e-type=\"column\">\n\t\t\t<div class=\"elementor-widget-wrap elementor-element-populated\">\n\t\t\t\t\t\t<div class=\"elementor-element elementor-element-84e96bb elementor--v-position-bottom elementor--h-position-center elementor-arrows-position-inside elementor-pagination-position-inside elementor-widget elementor-widget-slides\" data-id=\"84e96bb\" data-element_type=\"widget\" data-e-type=\"widget\" data-settings=\"{&quot;navigation&quot;:&quot;both&quot;,&quot;autoplay&quot;:&quot;yes&quot;,&quot;pause_on_hover&quot;:&quot;yes&quot;,&quot;pause_on_interaction&quot;:&quot;yes&quot;,&quot;autoplay_speed&quot;:5000,&quot;infinite&quot;:&quot;yes&quot;,&quot;transition&quot;:&quot;slide&quot;,&quot;transition_speed&quot;:500}\" data-widget_type=\"slides.default\">\n\t\t\t\t<div class=\"elementor-widget-container\">\n\t\t\t\t\t\t\t\t\t<div class=\"elementor-swiper\">\n\t\t\t\t\t<div class=\"elementor-slides-wrapper elementor-main-swiper swiper\" role=\"region\" aria-roledescription=\"carousel\" aria-label=\"Slider\" dir=\"ltr\" data-animation=\"fadeInUp\">\n\t\t\t\t<div class=\"swiper-wrapper elementor-slides\">\n\t\t\t\t\t\t\t\t\t\t<div class=\"elementor-repeater-item-c678c14 swiper-slide\" role=\"group\" aria-roledescription=\"slide\"><div class=\"swiper-slide-bg\" role=\"img\" aria-label=\"asset_30\"><\/div><div class=\"swiper-slide-inner\" ><div class=\"swiper-slide-contents\"><div class=\"elementor-slide-heading\">Kontakt<\/div><\/div><\/div><\/div>\t\t\t\t<\/div>\n\t\t\t\t\t\t\t<\/div>\n\t\t\t\t<\/div>\n\t\t\t\t\t\t\t\t<\/div>\n\t\t\t\t<\/div>\n\t\t\t\t\t<\/div>\n\t\t<\/div>\n\t\t\t\t\t<\/div>\n\t\t<\/section>\n\t\t\t\t<section class=\"elementor-section elementor-top-section elementor-element elementor-element-8549148 card_form elementor-section-boxed elementor-section-height-default elementor-section-height-default\" data-id=\"8549148\" data-element_type=\"section\" data-e-type=\"section\" data-settings=\"{&quot;background_background&quot;:&quot;classic&quot;}\">\n\t\t\t\t\t\t<div class=\"elementor-container elementor-column-gap-default\">\n\t\t\t\t\t<div class=\"elementor-column elementor-col-100 elementor-top-column elementor-element elementor-element-5c24d13\" data-id=\"5c24d13\" data-element_type=\"column\" data-e-type=\"column\">\n\t\t\t<div class=\"elementor-widget-wrap elementor-element-populated\">\n\t\t\t\t\t\t<section class=\"elementor-section elementor-inner-section elementor-element elementor-element-7d66cd4 elementor-hidden-tablet elementor-hidden-phone elementor-section-boxed elementor-section-height-default elementor-section-height-default\" data-id=\"7d66cd4\" data-element_type=\"section\" data-e-type=\"section\">\n\t\t\t\t\t\t<div class=\"elementor-container elementor-column-gap-default\">\n\t\t\t\t\t<div class=\"elementor-column elementor-col-50 elementor-inner-column elementor-element elementor-element-aecee91\" data-id=\"aecee91\" data-element_type=\"column\" data-e-type=\"column\">\n\t\t\t<div class=\"elementor-widget-wrap\">\n\t\t\t\t\t\t\t<\/div>\n\t\t<\/div>\n\t\t\t\t<div class=\"elementor-column elementor-col-50 elementor-inner-column elementor-element elementor-element-46b63b2\" data-id=\"46b63b2\" data-element_type=\"column\" data-e-type=\"column\">\n\t\t\t<div class=\"elementor-widget-wrap elementor-element-populated\">\n\t\t\t\t\t\t<div class=\"elementor-element elementor-element-e356341 elementor-widget elementor-widget-heading\" data-id=\"e356341\" data-element_type=\"widget\" data-e-type=\"widget\" data-widget_type=\"heading.default\">\n\t\t\t\t<div class=\"elementor-widget-container\">\n\t\t\t\t\t<h2 class=\"elementor-heading-title elementor-size-default\">Wie k\u00f6nnen wir helfen?<\/h2>\t\t\t\t<\/div>\n\t\t\t\t<\/div>\n\t\t\t\t\t<\/div>\n\t\t<\/div>\n\t\t\t\t\t<\/div>\n\t\t<\/section>\n\t\t\t\t<section class=\"elementor-section elementor-inner-section elementor-element elementor-element-cb8f02d elementor-section-boxed elementor-section-height-default elementor-section-height-default\" data-id=\"cb8f02d\" data-element_type=\"section\" data-e-type=\"section\">\n\t\t\t\t\t\t<div class=\"elementor-container elementor-column-gap-default\">\n\t\t\t\t\t<div class=\"elementor-column elementor-col-50 elementor-inner-column elementor-element elementor-element-422f2ad\" data-id=\"422f2ad\" data-element_type=\"column\" data-e-type=\"column\">\n\t\t\t<div class=\"elementor-widget-wrap elementor-element-populated\">\n\t\t\t\t\t\t<div class=\"elementor-element elementor-element-c575ac9 elementor-widget elementor-widget-text-editor\" data-id=\"c575ac9\" data-element_type=\"widget\" data-e-type=\"widget\" data-widget_type=\"text-editor.default\">\n\t\t\t\t<div class=\"elementor-widget-container\">\n\t\t\t\t\t\t\t\t\t<p><strong>Adresse<\/strong>: Transylvania, 400423<\/p><p><strong>Email<\/strong>: <a href=\"mailto:office@tasregistration.com\">office@tasregistration.com<\/a><\/p><p><strong>Telefon<\/strong>: <a href=\"tel:+40745160163\">+40 745 160 163<\/a><\/p>\t\t\t\t\t\t\t\t<\/div>\n\t\t\t\t<\/div>\n\t\t\t\t<div class=\"elementor-element elementor-element-2103621 elementor-hidden-desktop elementor-widget elementor-widget-heading\" data-id=\"2103621\" data-element_type=\"widget\" data-e-type=\"widget\" data-widget_type=\"heading.default\">\n\t\t\t\t<div class=\"elementor-widget-container\">\n\t\t\t\t\t<h2 class=\"elementor-heading-title elementor-size-default\">Wie k\u00f6nnen wir helfen?<\/h2>\t\t\t\t<\/div>\n\t\t\t\t<\/div>\n\t\t\t\t\t<\/div>\n\t\t<\/div>\n\t\t\t\t<div class=\"elementor-column elementor-col-50 elementor-inner-column elementor-element elementor-element-a162cc4\" data-id=\"a162cc4\" data-element_type=\"column\" data-e-type=\"column\" data-settings=\"{&quot;background_background&quot;:&quot;classic&quot;}\">\n\t\t\t<div class=\"elementor-widget-wrap elementor-element-populated\">\n\t\t\t\t\t\t<div class=\"elementor-element elementor-element-f8987f3 elementor-button-align-end elementor-widget elementor-widget-form\" data-id=\"f8987f3\" data-element_type=\"widget\" data-e-type=\"widget\" data-settings=\"{&quot;step_next_label&quot;:&quot;N\\u00e4chster&quot;,&quot;step_previous_label&quot;:&quot;Voriger&quot;,&quot;step_type&quot;:&quot;number_text&quot;,&quot;step_icon_shape&quot;:&quot;circle&quot;}\" data-widget_type=\"form.default\">\n\t\t\t\t<div class=\"elementor-widget-container\">\n\t\t\t\t\t\t\t<form class=\"elementor-form\" method=\"post\" name=\"Form Contact\" aria-label=\"Form Contact\">\n\t\t\t<input type=\"hidden\" name=\"post_id\" value=\"2211\"\/>\n\t\t\t<input type=\"hidden\" name=\"form_id\" value=\"f8987f3\"\/>\n\t\t\t<input type=\"hidden\" name=\"referer_title\" value=\"Kontakt f\u00fcr Hilfe zu geistigem Eigentum | TAS Registration\" \/>\n\n\t\t\t\t\t\t\t<input type=\"hidden\" name=\"queried_id\" value=\"2211\"\/>\n\t\t\t\n\t\t\t<div class=\"elementor-form-fields-wrapper elementor-labels-above\">\n\t\t\t\t\t\t\t\t<div class=\"elementor-field-type-text elementor-field-group elementor-column elementor-field-group-name elementor-col-100 elementor-field-required\">\n\t\t\t\t\t\t\t\t\t\t\t\t<label for=\"form-field-name\" class=\"elementor-field-label\">\n\t\t\t\t\t\t\t\tVorname\t\t\t\t\t\t\t<\/label>\n\t\t\t\t\t\t\t\t\t\t\t\t\t\t<input size=\"1\" type=\"text\" name=\"form_fields[name]\" id=\"form-field-name\" class=\"elementor-field elementor-size-sm  elementor-field-textual\" required=\"required\">\n\t\t\t\t\t\t\t\t\t\t\t<\/div>\n\t\t\t\t\t\t\t\t<div class=\"elementor-field-type-text elementor-field-group elementor-column elementor-field-group-field_1 elementor-col-100 elementor-field-required\">\n\t\t\t\t\t\t\t\t\t\t\t\t<label for=\"form-field-field_1\" class=\"elementor-field-label\">\n\t\t\t\t\t\t\t\tName\t\t\t\t\t\t\t<\/label>\n\t\t\t\t\t\t\t\t\t\t\t\t\t\t<input size=\"1\" type=\"text\" name=\"form_fields[field_1]\" id=\"form-field-field_1\" class=\"elementor-field elementor-size-sm  elementor-field-textual\" required=\"required\">\n\t\t\t\t\t\t\t\t\t\t\t<\/div>\n\t\t\t\t\t\t\t\t<div class=\"elementor-field-type-text elementor-field-group elementor-column elementor-field-group-field_2 elementor-col-100 elementor-field-required\">\n\t\t\t\t\t\t\t\t\t\t\t\t<label for=\"form-field-field_2\" class=\"elementor-field-label\">\n\t\t\t\t\t\t\t\tTelefon\t\t\t\t\t\t\t<\/label>\n\t\t\t\t\t\t\t\t\t\t\t\t\t\t<input size=\"1\" type=\"text\" name=\"form_fields[field_2]\" id=\"form-field-field_2\" class=\"elementor-field elementor-size-sm  elementor-field-textual\" required=\"required\">\n\t\t\t\t\t\t\t\t\t\t\t<\/div>\n\t\t\t\t\t\t\t\t<div class=\"elementor-field-type-email elementor-field-group elementor-column elementor-field-group-email elementor-col-100 elementor-field-required\">\n\t\t\t\t\t\t\t\t\t\t\t\t<label for=\"form-field-email\" class=\"elementor-field-label\">\n\t\t\t\t\t\t\t\tE-mail\t\t\t\t\t\t\t<\/label>\n\t\t\t\t\t\t\t\t\t\t\t\t\t\t<input size=\"1\" type=\"email\" name=\"form_fields[email]\" id=\"form-field-email\" class=\"elementor-field elementor-size-sm  elementor-field-textual\" required=\"required\">\n\t\t\t\t\t\t\t\t\t\t\t<\/div>\n\t\t\t\t\t\t\t\t<div class=\"elementor-field-type-textarea elementor-field-group elementor-column elementor-field-group-message elementor-col-100\">\n\t\t\t\t\t\t\t\t\t\t\t\t<label for=\"form-field-message\" class=\"elementor-field-label\">\n\t\t\t\t\t\t\t\tMeldung\t\t\t\t\t\t\t<\/label>\n\t\t\t\t\t\t<textarea class=\"elementor-field-textual elementor-field  elementor-size-sm\" name=\"form_fields[message]\" id=\"form-field-message\" rows=\"4\"><\/textarea>\t\t\t\t<\/div>\n\t\t\t\t\t\t\t\t<div class=\"elementor-field-type-acceptance elementor-field-group elementor-column elementor-field-group-gdpr elementor-col-100 elementor-field-required\">\n\t\t\t\t\t\t\t<div class=\"elementor-field-subgroup\">\n\t\t\t<span class=\"elementor-field-option\">\n\t\t\t\t<input type=\"checkbox\" name=\"form_fields[gdpr]\" id=\"form-field-gdpr\" class=\"elementor-field elementor-size-sm  elementor-acceptance-field\" required=\"required\">\n\t\t\t\t<label for=\"form-field-gdpr\">Ich habe die <a href=\"\/cookie-policy\/\">Datenschutzerkl\u00e4rung<\/a> gelesen und akzeptiert.<\/label>\t\t\t<\/span>\n\t\t<\/div>\n\t\t\t\t\t\t<\/div>\n\t\t\t\t\t\t\t\t<div class=\"elementor-field-type-recaptcha_v3 elementor-field-group elementor-column elementor-field-group-field_3 elementor-col-100 recaptcha_v3-bottomleft\">\n\t\t\t\t\t<div class=\"elementor-field\" id=\"form-field-field_3\"><div class=\"elementor-g-recaptcha\" data-sitekey=\"6LdJPaAUAAAAAGaoeQKsooKiMR7IODaIBP1PI6jJ\" data-type=\"v3\" data-action=\"Form\" data-badge=\"bottomleft\" data-size=\"invisible\"><\/div><\/div>\t\t\t\t<\/div>\n\t\t\t\t\t\t\t\t<div class=\"elementor-field-group elementor-column elementor-field-type-submit elementor-col-100 e-form__buttons\">\n\t\t\t\t\t<button class=\"elementor-button elementor-size-sm\" type=\"submit\">\n\t\t\t\t\t\t<span class=\"elementor-button-content-wrapper\">\n\t\t\t\t\t\t\t\t\t\t\t\t\t\t\t\t\t\t\t\t\t\t<span class=\"elementor-button-text\">SENDEN<\/span>\n\t\t\t\t\t\t\t\t\t\t\t\t\t<\/span>\n\t\t\t\t\t<\/button>\n\t\t\t\t<\/div>\n\t\t\t<\/div>\n\t\t<\/form>\n\t\t\t\t\t\t<\/div>\n\t\t\t\t<\/div>\n\t\t\t\t\t<\/div>\n\t\t<\/div>\n\t\t\t\t\t<\/div>\n\t\t<\/section>\n\t\t\t\t\t<\/div>\n\t\t<\/div>\n\t\t\t\t\t<\/div>\n\t\t<\/section>\n\t\t\t\t<\/div>\n\t\t","protected":false},"excerpt":{"rendered":"<p>Kontakt Wie k\u00f6nnen wir helfen? Adresse: Transylvania, 400423 Email: office@tasregistration.com Telefon: +40 745 160 163 Wie k\u00f6nnen wir helfen?<\/p>\n","protected":false},"author":1,"featured_media":0,"parent":0,"menu_order":5,"comment_status":"closed","ping_status":"closed","template":"","meta":{"footnotes":""},"class_list":["post-2211","page","type-page","status-publish","hentry"],"yoast_head":"<title>Kontakt f\u00fcr Hilfe zu geistigem Eigentum | TAS Registration<\/title>\n<meta name=\"description\" content=\"Kontaktieren Sie uns f\u00fcr eine kostenlose Beratung und stellen Sie den Schutz Ihres geistigen Eigentums f\u00fcr Ihr Unternehmen, Marke oder Patent.\" \/>\n<meta name=\"robots\" content=\"index, follow, max-snippet:-1, max-image-preview:large, max-video-preview:-1\" \/>\n<link rel=\"canonical\" href=\"https:\/\/tasregistration.com\/de\/kontakt\/\" \/>\n<meta property=\"og:locale\" content=\"de_DE\" \/>\n<meta property=\"og:type\" content=\"article\" \/>\n<meta property=\"og:title\" content=\"Kontakt f\u00fcr Hilfe zu geistigem Eigentum | TAS Registration\" \/>\n<meta property=\"og:description\" content=\"Kontaktieren Sie uns f\u00fcr eine kostenlose Beratung und stellen Sie den Schutz Ihres geistigen Eigentums f\u00fcr Ihr Unternehmen, Marke oder Patent.\" \/>\n<meta property=\"og:url\" content=\"https:\/\/tasregistration.com\/de\/kontakt\/\" \/>\n<meta property=\"og:site_name\" content=\"Tas Registration\" \/>\n<meta property=\"article:modified_time\" content=\"2020-07-08T11:06:07+00:00\" \/>\n<meta name=\"twitter:card\" content=\"summary_large_image\" \/>\n<script type=\"application\/ld+json\" class=\"yoast-schema-graph\">{\"@context\":\"https:\/\/schema.org\",\"@graph\":[{\"@type\":\"WebPage\",\"@id\":\"https:\/\/tasregistration.com\/de\/kontakt\/\",\"url\":\"https:\/\/tasregistration.com\/de\/kontakt\/\",\"name\":\"Kontakt f\u00fcr Hilfe zu geistigem Eigentum | TAS Registration\",\"isPartOf\":{\"@id\":\"https:\/\/tasregistration.com\/de\/#website\"},\"datePublished\":\"2019-10-01T01:23:08+00:00\",\"dateModified\":\"2020-07-08T11:06:07+00:00\",\"description\":\"Kontaktieren Sie uns f\u00fcr eine kostenlose Beratung und stellen Sie den Schutz Ihres geistigen Eigentums f\u00fcr Ihr Unternehmen, Marke oder Patent.\",\"breadcrumb\":{\"@id\":\"https:\/\/tasregistration.com\/de\/kontakt\/#breadcrumb\"},\"inLanguage\":\"de\",\"potentialAction\":[{\"@type\":\"ReadAction\",\"target\":[\"https:\/\/tasregistration.com\/de\/kontakt\/\"]}]},{\"@type\":\"BreadcrumbList\",\"@id\":\"https:\/\/tasregistration.com\/de\/kontakt\/#breadcrumb\",\"itemListElement\":[{\"@type\":\"ListItem\",\"position\":1,\"name\":\"Home\",\"item\":\"https:\/\/tasregistration.com\/de\/\"},{\"@type\":\"ListItem\",\"position\":2,\"name\":\"Kontakt\"}]},{\"@type\":\"WebSite\",\"@id\":\"https:\/\/tasregistration.com\/de\/#website\",\"url\":\"https:\/\/tasregistration.com\/de\/\",\"name\":\"Tas Registration\",\"description\":\"Just another WordPress site\",\"publisher\":{\"@id\":\"https:\/\/tasregistration.com\/de\/#organization\"},\"potentialAction\":[{\"@type\":\"SearchAction\",\"target\":{\"@type\":\"EntryPoint\",\"urlTemplate\":\"https:\/\/tasregistration.com\/de\/?s={search_term_string}\"},\"query-input\":{\"@type\":\"PropertyValueSpecification\",\"valueRequired\":true,\"valueName\":\"search_term_string\"}}],\"inLanguage\":\"de\"},{\"@type\":\"Organization\",\"@id\":\"https:\/\/tasregistration.com\/de\/#organization\",\"name\":\"Tas Registration\",\"url\":\"https:\/\/tasregistration.com\/de\/\",\"logo\":{\"@type\":\"ImageObject\",\"inLanguage\":\"de\",\"@id\":\"https:\/\/tasregistration.com\/de\/#\/schema\/logo\/image\/\",\"url\":\"https:\/\/tasregistration.com\/wp-content\/uploads\/2019\/10\/asset_1.png\",\"contentUrl\":\"https:\/\/tasregistration.com\/wp-content\/uploads\/2019\/10\/asset_1.png\",\"width\":219,\"height\":31,\"caption\":\"Tas Registration\"},\"image\":{\"@id\":\"https:\/\/tasregistration.com\/de\/#\/schema\/logo\/image\/\"}}]}<\/script>","yoast_head_json":{"title":"Kontakt f\u00fcr Hilfe zu geistigem Eigentum | TAS Registration","description":"Kontaktieren Sie uns f\u00fcr eine kostenlose Beratung und stellen Sie den Schutz Ihres geistigen Eigentums f\u00fcr Ihr Unternehmen, Marke oder Patent.","robots":{"index":"index","follow":"follow","max-snippet":"max-snippet:-1","max-image-preview":"max-image-preview:large","max-video-preview":"max-video-preview:-1"},"canonical":"https:\/\/tasregistration.com\/de\/kontakt\/","og_locale":"de_DE","og_type":"article","og_title":"Kontakt f\u00fcr Hilfe zu geistigem Eigentum | TAS Registration","og_description":"Kontaktieren Sie uns f\u00fcr eine kostenlose Beratung und stellen Sie den Schutz Ihres geistigen Eigentums f\u00fcr Ihr Unternehmen, Marke oder Patent.","og_url":"https:\/\/tasregistration.com\/de\/kontakt\/","og_site_name":"Tas Registration","article_modified_time":"2020-07-08T11:06:07+00:00","twitter_card":"summary_large_image","schema":{"@context":"https:\/\/schema.org","@graph":[{"@type":"WebPage","@id":"https:\/\/tasregistration.com\/de\/kontakt\/","url":"https:\/\/tasregistration.com\/de\/kontakt\/","name":"Kontakt f\u00fcr Hilfe zu geistigem Eigentum | TAS Registration","isPartOf":{"@id":"https:\/\/tasregistration.com\/de\/#website"},"datePublished":"2019-10-01T01:23:08+00:00","dateModified":"2020-07-08T11:06:07+00:00","description":"Kontaktieren Sie uns f\u00fcr eine kostenlose Beratung und stellen Sie den Schutz Ihres geistigen Eigentums f\u00fcr Ihr Unternehmen, Marke oder Patent.","breadcrumb":{"@id":"https:\/\/tasregistration.com\/de\/kontakt\/#breadcrumb"},"inLanguage":"de","potentialAction":[{"@type":"ReadAction","target":["https:\/\/tasregistration.com\/de\/kontakt\/"]}]},{"@type":"BreadcrumbList","@id":"https:\/\/tasregistration.com\/de\/kontakt\/#breadcrumb","itemListElement":[{"@type":"ListItem","position":1,"name":"Home","item":"https:\/\/tasregistration.com\/de\/"},{"@type":"ListItem","position":2,"name":"Kontakt"}]},{"@type":"WebSite","@id":"https:\/\/tasregistration.com\/de\/#website","url":"https:\/\/tasregistration.com\/de\/","name":"Tas Registration","description":"Just another WordPress site","publisher":{"@id":"https:\/\/tasregistration.com\/de\/#organization"},"potentialAction":[{"@type":"SearchAction","target":{"@type":"EntryPoint","urlTemplate":"https:\/\/tasregistration.com\/de\/?s={search_term_string}"},"query-input":{"@type":"PropertyValueSpecification","valueRequired":true,"valueName":"search_term_string"}}],"inLanguage":"de"},{"@type":"Organization","@id":"https:\/\/tasregistration.com\/de\/#organization","name":"Tas Registration","url":"https:\/\/tasregistration.com\/de\/","logo":{"@type":"ImageObject","inLanguage":"de","@id":"https:\/\/tasregistration.com\/de\/#\/schema\/logo\/image\/","url":"https:\/\/tasregistration.com\/wp-content\/uploads\/2019\/10\/asset_1.png","contentUrl":"https:\/\/tasregistration.com\/wp-content\/uploads\/2019\/10\/asset_1.png","width":219,"height":31,"caption":"Tas Registration"},"image":{"@id":"https:\/\/tasregistration.com\/de\/#\/schema\/logo\/image\/"}}]}},"_links":{"self":[{"href":"https:\/\/tasregistration.com\/de\/wp-json\/wp\/v2\/pages\/2211","targetHints":{"allow":["GET"]}}],"collection":[{"href":"https:\/\/tasregistration.com\/de\/wp-json\/wp\/v2\/pages"}],"about":[{"href":"https:\/\/tasregistration.com\/de\/wp-json\/wp\/v2\/types\/page"}],"author":[{"embeddable":true,"href":"https:\/\/tasregistration.com\/de\/wp-json\/wp\/v2\/users\/1"}],"replies":[{"embeddable":true,"href":"https:\/\/tasregistration.com\/de\/wp-json\/wp\/v2\/comments?post=2211"}],"version-history":[{"count":18,"href":"https:\/\/tasregistration.com\/de\/wp-json\/wp\/v2\/pages\/2211\/revisions"}],"predecessor-version":[{"id":4571,"href":"https:\/\/tasregistration.com\/de\/wp-json\/wp\/v2\/pages\/2211\/revisions\/4571"}],"wp:attachment":[{"href":"https:\/\/tasregistration.com\/de\/wp-json\/wp\/v2\/media?parent=2211"}],"curies":[{"name":"wp","href":"https:\/\/api.w.org\/{rel}","templated":true}]}}